{"id":10208,"date":"2020-03-10T09:43:47","date_gmt":"2020-03-10T15:43:47","guid":{"rendered":"https:\/\/advancedsofttissuerelease.com\/?post_type=product&#038;p=10208"},"modified":"2025-09-23T20:36:51","modified_gmt":"2025-09-24T00:36:51","slug":"huvudvark-migran-lindring-kit","status":"publish","type":"product","link":"https:\/\/advancedsofttissuerelease.com\/sv\/product\/headache-migraine-relief-kit\/","title":{"rendered":"Huvudv\u00e4rk Relief Kit"},"content":{"rendered":"<h1><span style=\"font-size: 12pt; color: #333333;\"><strong>Huvudv\u00e4rkstillskottssats<\/strong><\/span><\/h1>\n<p><span style=\"color: #333333;\">I detta steg-f\u00f6r-steg-program kommer Dr. Jacobs att visa dig hur du snabbt och effektivt kontrollerar eller eliminerar huvudv\u00e4rk eller migr\u00e4nsymptom genom att implementera ASTR:s antiinflammatoriska kost med v\u00e5rt huvudv\u00e4rkstillskott. Om du upplever kortvarig eller kronisk huvudv\u00e4rk eller migr\u00e4n, kommer detta kit att kickstarta din resa f\u00f6r att leva huvudv\u00e4rkfri!<\/span><\/p>\n<p><span style=\"color: #333333;\"><strong>Huvudv\u00e4rkstillskottssats ing\u00e5r<\/strong><\/span><\/p>\n<ol>\n<li><span style=\"color: #333333;\">B Aktiv<\/span><\/li>\n<li><span style=\"color: #333333;\">Magnesium aktiv<\/span><\/li>\n<li>Omega Active<\/li>\n<li><span style=\"color: #333333;\">C-vitamin och bioflavonoider<\/span><\/li>\n<li><span style=\"color: #333333;\">Probiotika Max<\/span><\/li>\n<li><span style=\"color: #333333;\">ASTR diet, including recipes<\/span><\/li>\n<\/ol>\n<p><span style=\"color: #0000ff;\"><a style=\"color: #0000ff;\" href=\"https:\/\/advancedsofttissuerelease.com\/sv\/produkt\/b-aktiv-2\/\"><strong>B Aktiv &gt;<\/strong><\/a><\/span><\/p>\n<ul>\n<li><span style=\"color: #333333;\">St\u00f6der kolhydratmetabolism<\/span><\/li>\n<li><span style=\"color: #333333;\">St\u00f6djer nervsystemets funktion<\/span><\/li>\n<li><span style=\"color: #333333;\">St\u00f6der binjuresystemets funktion<\/span><\/li>\n<li><span style=\"color: #333333;\">St\u00f6djer immunsystemets funktion<\/span><\/li>\n<li><span style=\"color: #333333;\">St\u00f6der kardiovaskul\u00e4r h\u00e4lsa<\/span><\/li>\n<li><span style=\"color: #333333;\">Skyddar mot kostbrister<\/span><\/li>\n<li><span style=\"color: #333333;\">Skyddar mot stressinducerad n\u00e4ringsutarmning<\/span><\/li>\n<li><span style=\"color: #333333;\">St\u00f6djer h\u00e4lsosam mental funktion och hum\u00f6r<\/span><\/li>\n<\/ul>\n<p><span style=\"color: #333333;\">ASTR B Active Supplement hj\u00e4lper till att st\u00f6dja kolhydratmetabolism, nerv\/binjure\/immunsystem, kardiovaskul\u00e4r h\u00e4lsa och h\u00e4lsosam mental funktion och hum\u00f6r. B Active inneh\u00e5ller hela spektrumet av B-vitaminer; aktiverade former av B2, B6 och B12; och folat.*<\/span><\/p>\n<p><span style=\"color: #0000ff;\"><a style=\"color: #0000ff;\" href=\"https:\/\/advancedsofttissuerelease.com\/sv\/produkt\/omega-aktiva-2\/\"><strong><span style=\"font-size: 12pt;\">Omega Active &gt;<\/span><\/strong><\/a><\/span><\/p>\n<ul>\n<li>St\u00f6der kardiovaskul\u00e4r h\u00e4lsa<\/li>\n<li>St\u00f6djer blodsockermetabolismen<\/li>\n<li>St\u00f6der kognitiv funktion<\/li>\n<li>St\u00f6der kognitiv utveckling<\/li>\n<li>St\u00f6der frisk hud<\/li>\n<li>St\u00f6djer friska leder<\/li>\n<li>St\u00f6der friska bindv\u00e4v<\/li>\n<li>\u00d6kar visuell och okul\u00e4r h\u00e4lsa<\/li>\n<li>Uppr\u00e4tth\u00e5ller normal inflammatorisk balans<\/li>\n<\/ul>\n<p><span style=\"color: #0000ff;\"><a style=\"color: #0000ff;\" href=\"https:\/\/advancedsofttissuerelease.com\/sv\/produkt\/magnesiumaktivt-2\/\"><strong>Magnesium Active &gt;<\/strong><\/a><\/span><\/p>\n<ul>\n<li><span style=\"color: #333333;\">Ger 3 former av h\u00f6gabsorberat magnesium<\/span><\/li>\n<li><span style=\"color: #333333;\">H\u00f6gkoncentrerat magnesium f\u00f6r kardiovaskul\u00e4rt st\u00f6d<\/span><\/li>\n<li><span style=\"color: #333333;\">Magnesium spelar en avg\u00f6rande roll i hundratals metabola aktiviteter<\/span><\/li>\n<li><span style=\"color: #333333;\">Hj\u00e4lp till att uppr\u00e4tth\u00e5lla ett h\u00e4lsosamt blodtryck<\/span><\/li>\n<li><span style=\"color: #333333;\">Hj\u00e4lper till att uppr\u00e4tth\u00e5lla h\u00e4lsosamma glukosniv\u00e5er<\/span><\/li>\n<li><span style=\"color: #333333;\">Fr\u00e4mjar energiproduktion<\/span><\/li>\n<li><span style=\"color: #333333;\">Fr\u00e4mjar muskelavslappning<\/span><\/li>\n<li><span style=\"color: #333333;\">St\u00f6der muskelfunktion<\/span><\/li>\n<li><span style=\"color: #333333;\">St\u00f6d nervfunktionen<\/span><\/li>\n<\/ul>\n<p><a href=\"https:\/\/advancedsofttissuerelease.com\/sv\/produkt\/vitamin-c-och-bioflavonoider\/\"><strong><span style=\"color: #0000ff;\">C-vitamin &amp;\u00a0<span style=\"caret-color: #0000ff;\">Bioflavonoider<\/span>\u00a0 &gt;\u00a0<\/span><\/strong><\/a><\/p>\n<ul>\n<li>C-vitaminformel med h\u00f6g styrka<\/li>\n<li>St\u00f6der immunf\u00f6rsvaret<\/li>\n<li>St\u00f6der antioxidantsystem<\/li>\n<li>St\u00f6d blodk\u00e4rlssyntesen<\/li>\n<li>St\u00f6djer produktionen av kollagen<\/li>\n<li>St\u00f6djer produktionen av karnitin<\/li>\n<li>St\u00f6djer produktionen av neurotransmittorer<\/li>\n<\/ul>\n<p>Vitamin C och Bioflavonoider kombinerar h\u00f6gpotens C-vitamin med ett standardiserat, fullspektrum, citrusbioflavonoidkomplex. B\u00e5de vitamin C och bioflavonoider har unders\u00f6kts omfattande f\u00f6r deras roller f\u00f6r att st\u00f6dja antioxidanter och immunfunktion. Dessutom tyder forskning p\u00e5 att C-vitamin kr\u00e4vs f\u00f6r syntesen av kollagen, signalsubstanser och karnitin. Bioflavonoider verkar st\u00f6dja h\u00e4lsosam metabolism och kognition genom att fungera som cellsignalerande medel.*<\/p>\n<div class=\"page\" title=\"Sida 1\">\n<div class=\"section\">\n<div class=\"layoutArea\">\n<div class=\"column\">\n<p><span style=\"color: #0000ff;\"><a style=\"color: #0000ff;\" href=\"https:\/\/advancedsofttissuerelease.com\/sv\/produkt\/probiotika-max\/\"><strong>Probiotiska Max \u2013 18 stammar&gt;<\/strong><\/a><\/span><\/p>\n<ul>\n<li><span style=\"color: #333333;\">St\u00f6djer en h\u00e4lsosam mikrobiota<\/span><\/li>\n<li><span style=\"color: #333333;\">St\u00f6djer det naturliga immunsvaret<\/span><\/li>\n<li><span style=\"color: #333333;\">St\u00f6djer laktossm\u00e4ltningen<\/span><\/li>\n<li><span style=\"color: #333333;\">St\u00f6djer tarmens regelbundenhet<\/span><\/li>\n<li><span style=\"color: #333333;\">St\u00f6der en frisk tarmmikrobiom<\/span><\/li>\n<li><span style=\"color: #333333;\">St\u00f6der matsm\u00e4ltningen<\/span><\/li>\n<li><span style=\"color: #333333;\">St\u00f6der absorption av mikron\u00e4rings\u00e4mnen<\/span><\/li>\n<li><span style=\"color: #333333;\">\u00d6kar sekretoriskt IgA f\u00f6r f\u00f6rb\u00e4ttrad tarmimmunitet<\/span><\/li>\n<li><span style=\"color: #333333;\">Utvald f\u00f6r sin livskraft och stabilitet<\/span><\/li>\n<\/ul>\n<p><span style=\"color: #0000ff;\"><strong style=\"color: #0000ff;\"><a style=\"color: #0000ff;\" href=\"https:\/\/advancedsofttissuerelease.com\/sv\/produkt\/smartlindring-kram\/\">Sm\u00e4rtlindrande kr\u00e4m &gt;<\/a><\/strong><\/span><\/p>\n<\/div>\n<div class=\"page\" title=\"Sida 1\">\n<div class=\"section\">\n<p><strong>F\u00f6r vuxna &amp; barn<\/strong><\/p>\n<ul>\n<li>St\u00f6der lindring av muskel- och ledv\u00e4rk<\/li>\n<li>St\u00f6djer s\u00e5rl\u00e4kning<\/li>\n<li>St\u00f6der normal hud- och nagelh\u00e4lsa<\/li>\n<li>St\u00f6der ett h\u00e4lsosamt inflammatoriskt svar<\/li>\n<li>F\u00f6rb\u00e4ttrar muskuloskeletala h\u00e4lsa<\/li>\n<li>Stolttar med ledh\u00e4lsa<\/li>\n<li>\u00d6kar ledr\u00f6relser<\/li>\n<\/ul>\n<p><strong>Sm\u00e4rtlindrande kr\u00e4m anv\u00e4nds f\u00f6r:<\/strong><\/p>\n<ul>\n<li>Sm\u00e4rtstillande<\/li>\n<li>Minska inflammation<\/li>\n<li>Artrit<\/li>\n<li>S\u00e5rv\u00e5rd<\/li>\n<li>Eksem<\/li>\n<li>Acne<\/li>\n<li>Dermatit<\/li>\n<li>Psoriasis<\/li>\n<\/ul>\n<\/div>\n<\/div>\n<\/div>\n<\/div>\n<\/div>\n<p style=\"text-align: center;\"><span style=\"font-size: 8pt; color: #333333;\">*Dessa uttalanden har inte utv\u00e4rderats av Food and Drug Administration. Denna produkt \u00e4r inte avsedd att diagnostisera, behandla, bota eller f\u00f6rebygga n\u00e5gon sjukdom.\u00a0<\/span><\/p>","protected":false},"excerpt":{"rendered":"<p><span class=\"\">Steg-f\u00f6r-steg-program inklusive tips f\u00f6r att lindra huvudv\u00e4rk,\u00a0<\/span><span class=\"\">kostplan, <\/span><span class=\"\">recept, ink\u00f6pslistor och kosttillskott som hj\u00e4lper dig att ta itu med k\u00e4llan till dina underliggande h\u00e4lsoproblem.<\/span><\/p>","protected":false},"featured_media":37352,"template":"","meta":{"_analytify_skip_tracking":false},"product_brand":[],"product_cat":[1782],"product_tag":[1799,1699,1863,1792,1864,1408,574,529],"woo-feed-brand":[],"class_list":{"0":"post-10208","1":"product","2":"type-product","3":"status-publish","4":"has-post-thumbnail","6":"product_cat-health-supplement-kits","7":"product_tag-b-complex","8":"product_tag-headache-relief","9":"product_tag-headache-supplement","10":"product_tag-magnesium-active","11":"product_tag-migraine-supplements","12":"product_tag-omega-3","13":"product_tag-probiotic","14":"product_tag-vitamin-c","15":"product_shipping_class-regular-shipping","17":"first","18":"instock","19":"sale","20":"taxable","21":"shipping-taxable","22":"purchasable","23":"product-type-simple"},"exclude_global_add_ons":false,"addons":[{"name":"Sm\u00e4rtlindrande kr\u00e4m f\u00f6r sm\u00e4rta, inflammation och p\u00e5skyndar l\u00e4kning","type":"checkbox","position":0,"required":true,"title_format":"heading","default":"","description_enable":false,"description":"","placeholder_enable":false,"placeholder":"","display":"select","restrictions_type":"any_text","adjust_price":false,"price":"","price_type":"flat_fee","restrictions":false,"min":"0","max":"0","options":[{"label":"Yes (save $10)","price":"49","price_type":"flat_fee","image":0,"visibility":true},{"label":"No","price":"","price_type":"flat_fee","image":0,"visibility":true}],"id":1723735899},{"name":"Do you own our tool kit? (A1, A2, A3, A4 & A5)","type":"multiple_choice","position":0,"required":true,"title_format":"heading","default":"","description_enable":false,"description":"","placeholder_enable":false,"placeholder":"","display":"radiobutton","restrictions_type":"any_text","adjust_price":false,"price":"","price_type":"flat_fee","restrictions":false,"min":"0","max":"0","options":[{"label":"Yes","price":"0","price_type":"flat_fee","image":0,"visibility":true},{"label":"No","price":"399","price_type":"flat_fee","image":0,"visibility":true}]}],"_links":{"self":[{"href":"https:\/\/advancedsofttissuerelease.com\/sv\/wp-json\/wp\/v2\/product\/10208","targetHints":{"allow":["GET"]}}],"collection":[{"href":"https:\/\/advancedsofttissuerelease.com\/sv\/wp-json\/wp\/v2\/product"}],"about":[{"href":"https:\/\/advancedsofttissuerelease.com\/sv\/wp-json\/wp\/v2\/types\/product"}],"version-history":[{"count":0,"href":"https:\/\/advancedsofttissuerelease.com\/sv\/wp-json\/wp\/v2\/product\/10208\/revisions"}],"wp:featuredmedia":[{"embeddable":true,"href":"https:\/\/advancedsofttissuerelease.com\/sv\/wp-json\/wp\/v2\/media\/37352"}],"wp:attachment":[{"href":"https:\/\/advancedsofttissuerelease.com\/sv\/wp-json\/wp\/v2\/media?parent=10208"}],"wp:term":[{"taxonomy":"product_brand","embeddable":true,"href":"https:\/\/advancedsofttissuerelease.com\/sv\/wp-json\/wp\/v2\/product_brand?post=10208"},{"taxonomy":"product_cat","embeddable":true,"href":"https:\/\/advancedsofttissuerelease.com\/sv\/wp-json\/wp\/v2\/product_cat?post=10208"},{"taxonomy":"product_tag","embeddable":true,"href":"https:\/\/advancedsofttissuerelease.com\/sv\/wp-json\/wp\/v2\/product_tag?post=10208"},{"taxonomy":"woo-feed-brand","embeddable":true,"href":"https:\/\/advancedsofttissuerelease.com\/sv\/wp-json\/wp\/v2\/woo-feed-brand?post=10208"}],"curies":[{"name":"wp","href":"https:\/\/api.w.org\/{rel}","templated":true}]}}