{"id":10509,"date":"2020-03-16T12:44:48","date_gmt":"2020-03-16T18:44:48","guid":{"rendered":"https:\/\/advancedsofttissuerelease.com\/?post_type=product&#038;p=10509"},"modified":"2025-09-22T22:05:03","modified_gmt":"2025-09-23T02:05:03","slug":"stress-avlastning-kit-2","status":"publish","type":"product","link":"https:\/\/advancedsofttissuerelease.com\/sv\/product\/stress-relief-kit\/","title":{"rendered":"Stressavlastningssats"},"content":{"rendered":"<h1><span style=\"font-size: 12pt; color: #333333;\"><strong>Tillskottssats f\u00f6r stresslindring<\/strong><\/span><\/h1>\n<p>I detta steg-f\u00f6r-steg-program kommer Dr. Jacobs att visa dig hur du snabbt och effektivt kan kontrollera och lindra stress genom att implementera ASTR:s diet med v\u00e5rt tillskottssats f\u00f6r stresslindring. Om du upplever kortvarig eller kronisk stress, kommer detta kit att kickstarta din resa f\u00f6r att leva stressfritt!<\/p>\n<p><span style=\"color: #333333;\"><strong>Tillskottssats f\u00f6r stressavlastning ing\u00e5r<\/strong><\/span><\/p>\n<ol>\n<li><span style=\"color: #333333;\">B Aktiv<\/span><\/li>\n<li><span style=\"color: #333333;\">Magnesium aktiv<\/span><\/li>\n<li>Niacin f\u00f6rdr\u00f6jd fris\u00e4ttning<\/li>\n<li>Omega Active<\/li>\n<li>NAC<\/li>\n<li>C-vitamin och bioflavonoider<\/li>\n<li>Coq 10 Active<\/li>\n<li><span style=\"color: #333333;\">ASTR diet, including recipes<\/span><\/li>\n<\/ol>\n<p><span style=\"color: #0000ff;\"><a style=\"color: #0000ff;\" href=\"https:\/\/advancedsofttissuerelease.com\/sv\/produkt\/b-aktiv-2\/\"><strong>B Aktiv &gt;<\/strong><\/a><\/span><\/p>\n<ul>\n<li><span style=\"color: #333333;\">St\u00f6der kolhydratmetabolism<\/span><\/li>\n<li><span style=\"color: #333333;\">St\u00f6djer nervsystemets funktion<\/span><\/li>\n<li><span style=\"color: #333333;\">St\u00f6der binjuresystemets funktion<\/span><\/li>\n<li><span style=\"color: #333333;\">St\u00f6djer immunsystemets funktion<\/span><\/li>\n<li><span style=\"color: #333333;\">St\u00f6der kardiovaskul\u00e4r h\u00e4lsa<\/span><\/li>\n<li><span style=\"color: #333333;\">Skyddar mot kostbrister<\/span><\/li>\n<li><span style=\"color: #333333;\">Skyddar mot stressinducerad n\u00e4ringsutarmning<\/span><\/li>\n<li><span style=\"color: #333333;\">St\u00f6djer h\u00e4lsosam mental funktion och hum\u00f6r<\/span><\/li>\n<\/ul>\n<p><span style=\"color: #333333;\">ASTR B Active Supplement hj\u00e4lper till att st\u00f6dja kolhydratmetabolism, nerv\/binjure\/immunsystem, kardiovaskul\u00e4r h\u00e4lsa och h\u00e4lsosam mental funktion och hum\u00f6r. B Active inneh\u00e5ller hela spektrumet av B-vitaminer; aktiverade former av B2, B6 och B12; och folat.*<\/span><\/p>\n<p><span style=\"color: #0000ff;\"><a style=\"color: #0000ff;\" href=\"https:\/\/advancedsofttissuerelease.com\/sv\/produkt\/omega-aktiva-2\/\"><strong><span style=\"font-size: 12pt;\">Omega Active &gt;<\/span><\/strong><\/a><\/span><\/p>\n<ul>\n<li>St\u00f6der kardiovaskul\u00e4r h\u00e4lsa<\/li>\n<li>St\u00f6djer blodsockermetabolismen<\/li>\n<li>St\u00f6der kognitiv funktion<\/li>\n<li>St\u00f6der kognitiv utveckling<\/li>\n<li>St\u00f6der frisk hud<\/li>\n<li>St\u00f6djer friska leder<\/li>\n<li>St\u00f6der friska bindv\u00e4v<\/li>\n<li>\u00d6kar visuell och okul\u00e4r h\u00e4lsa<\/li>\n<li>Uppr\u00e4tth\u00e5ller normal inflammatorisk balans<\/li>\n<\/ul>\n<p><span style=\"color: #0000ff;\"><a style=\"color: #0000ff;\" href=\"https:\/\/advancedsofttissuerelease.com\/sv\/produkt\/niacin-fordrojd-frisattning-3\/\"><strong>Niacin<\/strong><strong>\u00a0Active &gt;<\/strong><\/a><\/span><\/p>\n<ul>\n<li>St\u00f6djer friska blodlipider<\/li>\n<li>St\u00f6djer h\u00e4lsa h\u00f6gdensitetsliporproteinkolesterol (HDL)<\/li>\n<li>Time-release formel som \u00e4r klar p\u00e5 sju till \u00e5tta timmar<\/li>\n<li>St\u00f6der normal carotis intima-media thickness (CIMT)<\/li>\n<li>Har mindre rodnadseffekt j\u00e4mf\u00f6rt med omedelbar fris\u00e4ttning av niacin<\/li>\n<\/ul>\n<p><span style=\"color: #0000ff;\"><a style=\"color: #0000ff;\" href=\"https:\/\/advancedsofttissuerelease.com\/sv\/produkt\/magnesiumaktivt-2\/\"><strong>Magnesium Active &gt;<\/strong><\/a><\/span><\/p>\n<ul>\n<li><span style=\"color: #333333;\">Ger 3 former av h\u00f6gabsorberat magnesium<\/span><\/li>\n<li><span style=\"color: #333333;\">H\u00f6gkoncentrerat magnesium f\u00f6r kardiovaskul\u00e4rt st\u00f6d<\/span><\/li>\n<li><span style=\"color: #333333;\">Magnesium spelar en avg\u00f6rande roll i hundratals metabola aktiviteter<\/span><\/li>\n<li><span style=\"color: #333333;\">Hj\u00e4lp till att uppr\u00e4tth\u00e5lla ett h\u00e4lsosamt blodtryck<\/span><\/li>\n<li><span style=\"color: #333333;\">Hj\u00e4lper till att uppr\u00e4tth\u00e5lla h\u00e4lsosamma glukosniv\u00e5er<\/span><\/li>\n<li><span style=\"color: #333333;\">Fr\u00e4mjar energiproduktion<\/span><\/li>\n<li><span style=\"color: #333333;\">Fr\u00e4mjar muskelavslappning<\/span><\/li>\n<li><span style=\"color: #333333;\">St\u00f6der muskelfunktion<\/span><\/li>\n<li><span style=\"color: #333333;\">St\u00f6d nervfunktionen<\/span><\/li>\n<\/ul>\n<p><a href=\"https:\/\/advancedsofttissuerelease.com\/sv\/produkt\/vitamin-c-och-bioflavonoider\/\"><strong><span style=\"color: #0000ff;\">C-vitamin &amp;\u00a0<span style=\"caret-color: #0000ff;\">Bioflavonoider<\/span>\u00a0 &gt;\u00a0<\/span><\/strong><\/a><\/p>\n<ul>\n<li>C-vitaminformel med h\u00f6g styrka<\/li>\n<li>St\u00f6der immunf\u00f6rsvaret<\/li>\n<li>St\u00f6der antioxidantsystem<\/li>\n<li>St\u00f6d blodk\u00e4rlssyntesen<\/li>\n<li>St\u00f6djer produktionen av kollagen<\/li>\n<li>St\u00f6djer produktionen av karnitin<\/li>\n<li>St\u00f6djer produktionen av neurotransmittorer<\/li>\n<\/ul>\n<p>Vitamin C och Bioflavonoider kombinerar h\u00f6gpotens C-vitamin med ett standardiserat, fullspektrum, citrusbioflavonoidkomplex. B\u00e5de vitamin C och bioflavonoider har unders\u00f6kts omfattande f\u00f6r deras roller f\u00f6r att st\u00f6dja antioxidanter och immunfunktion. Dessutom tyder forskning p\u00e5 att C-vitamin kr\u00e4vs f\u00f6r syntesen av kollagen, signalsubstanser och karnitin. Bioflavonoider verkar st\u00f6dja h\u00e4lsosam metabolism och kognition genom att fungera som cellsignalerande medel.*<\/p>\n<div class=\"page\" title=\"Sida 1\">\n<div class=\"section\">\n<div class=\"layoutArea\">\n<div class=\"column\">\n<p><span style=\"color: #0000ff;\"><a style=\"color: #0000ff;\" href=\"https:\/\/advancedsofttissuerelease.com\/sv\/produkt\/nac-n-acetyl-l-cysteine\/\"><strong>NAC &gt;<\/strong><\/a><\/span><\/p>\n<div class=\"page\" title=\"Sida 1\">\n<div class=\"section\">\n<div class=\"layoutArea\">\n<div class=\"column\">\n<ul>\n<li>St\u00f6der glutationsyntes<\/li>\n<li>St\u00f6der avgiftning av milj\u00f6gifter och f\u00f6roreningar<\/li>\n<li>St\u00f6djer antioxidantaktivitet i alla kroppsceller<\/li>\n<li>St\u00f6der h\u00e4lsosam andningsfunktion<\/li>\n<\/ul>\n<p><a href=\"https:\/\/advancedsofttissuerelease.com\/sv\/produkt\/coq-10-aktiv\/\"><strong>CoQ 10 Active &gt;<\/strong><\/a><\/p>\n<ul>\n<li>St\u00f6der naturlig energigenerering<\/li>\n<li>St\u00f6der mitokondriell funktion<\/li>\n<li>St\u00f6djer plasma- och v\u00e4vnadsh\u00e4lsan<\/li>\n<li>St\u00f6der h\u00e4lsa och funktion av det kardiovaskul\u00e4ra systemet<\/li>\n<li>St\u00f6der neuromuskul\u00e4r h\u00e4lsa<\/li>\n<li>St\u00f6djer centrala nervsystemets funktion<\/li>\n<\/ul>\n<p>ASTR CoQ 10 Supplement st\u00f6der naturlig energigenerering och mitokondriell h\u00e4lsa, h\u00e4lsosam funktion av det kardiovaskul\u00e4ra systemet och neuromuskul\u00e4ra och centrala nervsystems h\u00e4lsa. ASTR CoQ 10 har kliniskt visat sig vara mer absorberbar f\u00f6r optimal anv\u00e4ndning f\u00f6r att st\u00f6dja kardiovaskul\u00e4ra och energibaserade h\u00e4lsobehov.*<\/p>\n<\/div>\n<\/div>\n<\/div>\n<\/div>\n<\/div>\n<\/div>\n<\/div>\n<\/div>\n<p style=\"text-align: center;\"><span style=\"font-size: 8pt; color: #333333;\">*Dessa uttalanden har inte utv\u00e4rderats av Food and Drug Administration. Denna produkt \u00e4r inte avsedd att diagnostisera, behandla, bota eller f\u00f6rebygga n\u00e5gon sjukdom.\u00a0<\/span><\/p>","protected":false},"excerpt":{"rendered":"<p><span class=\"\">Steg-f\u00f6r-steg-program inklusive stresslindringstips, meditation,\u00a0<\/span><span class=\"\">kostplan, <\/span><span class=\"\">recept, ink\u00f6pslistor och kosttillskott som hj\u00e4lper dig att ta itu med k\u00e4llan till dina underliggande h\u00e4lsoproblem.<\/span><\/p>","protected":false},"featured_media":48276,"template":"","meta":{"_analytify_skip_tracking":false},"product_brand":[],"product_cat":[1782],"product_tag":[1934,1799,1935,1792,1933,1831,1883,1884],"woo-feed-brand":[],"class_list":{"0":"post-10509","1":"product","2":"type-product","3":"status-publish","4":"has-post-thumbnail","6":"product_cat-health-supplement-kits","7":"product_tag-anxiety-relief","8":"product_tag-b-complex","9":"product_tag-depression-relief","10":"product_tag-magnesium-active","11":"product_tag-n-acetyl-l-cysteine","12":"product_tag-niacin","13":"product_tag-stress-relief","14":"product_tag-stress-relief-supplements","15":"product_shipping_class-regular-shipping","17":"first","18":"instock","19":"sale","20":"taxable","21":"shipping-taxable","22":"purchasable","23":"product-type-simple"},"exclude_global_add_ons":[],"addons":[],"_links":{"self":[{"href":"https:\/\/advancedsofttissuerelease.com\/sv\/wp-json\/wp\/v2\/product\/10509","targetHints":{"allow":["GET"]}}],"collection":[{"href":"https:\/\/advancedsofttissuerelease.com\/sv\/wp-json\/wp\/v2\/product"}],"about":[{"href":"https:\/\/advancedsofttissuerelease.com\/sv\/wp-json\/wp\/v2\/types\/product"}],"version-history":[{"count":0,"href":"https:\/\/advancedsofttissuerelease.com\/sv\/wp-json\/wp\/v2\/product\/10509\/revisions"}],"wp:featuredmedia":[{"embeddable":true,"href":"https:\/\/advancedsofttissuerelease.com\/sv\/wp-json\/wp\/v2\/media\/48276"}],"wp:attachment":[{"href":"https:\/\/advancedsofttissuerelease.com\/sv\/wp-json\/wp\/v2\/media?parent=10509"}],"wp:term":[{"taxonomy":"product_brand","embeddable":true,"href":"https:\/\/advancedsofttissuerelease.com\/sv\/wp-json\/wp\/v2\/product_brand?post=10509"},{"taxonomy":"product_cat","embeddable":true,"href":"https:\/\/advancedsofttissuerelease.com\/sv\/wp-json\/wp\/v2\/product_cat?post=10509"},{"taxonomy":"product_tag","embeddable":true,"href":"https:\/\/advancedsofttissuerelease.com\/sv\/wp-json\/wp\/v2\/product_tag?post=10509"},{"taxonomy":"woo-feed-brand","embeddable":true,"href":"https:\/\/advancedsofttissuerelease.com\/sv\/wp-json\/wp\/v2\/woo-feed-brand?post=10509"}],"curies":[{"name":"wp","href":"https:\/\/api.w.org\/{rel}","templated":true}]}}