{"id":10516,"date":"2020-03-16T13:26:44","date_gmt":"2020-03-16T19:26:44","guid":{"rendered":"https:\/\/advancedsofttissuerelease.com\/?post_type=product&#038;p=10516"},"modified":"2025-09-23T20:00:30","modified_gmt":"2025-09-24T00:00:30","slug":"tarmhalsa-kit","status":"publish","type":"product","link":"https:\/\/advancedsofttissuerelease.com\/sv\/product\/gut-health-kit\/","title":{"rendered":"Gut Health Kit"},"content":{"rendered":"<h1><span style=\"font-size: 12pt; color: #333333;\"><strong>Gut Health Supplement Kit<\/strong><\/span><\/h1>\n<p>I detta steg-f\u00f6r-steg-program kommer Dr. Jacobs att visa dig hur du snabbt och effektivt minskar tarmproblem genom att implementera ASTR:s antiinflammatoriska kost med v\u00e5rt kosttillskott f\u00f6r tarmh\u00e4lsan. Om du upplever kortvariga eller kroniska gastrointestinala problem, kommer detta kit att hj\u00e4lpa dig att leva utan de dagliga besv\u00e4ren du f\u00f6r n\u00e4rvarande upplever!<\/p>\n<p><span style=\"color: #333333;\"><strong>Gut Health Supplement Kit ing\u00e5r<\/strong><\/span><\/p>\n<ol>\n<li><span style=\"color: #333333;\">GI<\/span><\/li>\n<li><span style=\"color: #333333;\">GI &amp; Immun<\/span><\/li>\n<li>Probiotika Max<\/li>\n<li>Enzymer<\/li>\n<li><span style=\"color: #333333;\">ASTR diet, including recipes<\/span><\/li>\n<\/ol>\n<p><span style=\"color: #0000ff;\"><strong><a style=\"color: #0000ff;\" href=\"https:\/\/advancedsofttissuerelease.com\/sv\/produkt\/gi\/\">GI &gt;<\/a><\/strong><\/span><\/p>\n<ul>\n<li>St\u00f6der integriteten och optimal funktion av mag-tarmkanalen<\/li>\n<li>St\u00f6der mag-tarmslemhinnan<\/li>\n<li>St\u00f6djer det prebiotiska inulinet<\/li>\n<\/ul>\n<p>ASTR GI-till\u00e4gget st\u00f6djer integriteten och optimal funktion av mag-tarmkanalen. GI inneh\u00e5ller L-glutamin, zink och pantotensyra f\u00f6r att st\u00f6dja den gastrointestinala slemhinnan och det prebiotiska inulinet f\u00f6r att ge n\u00e4ring till slemhinnecellerna. Den inneh\u00e5ller ocks\u00e5 extrakt av aloeblad, som traditionellt har anv\u00e4nts f\u00f6r optimal GI-funktion.*<\/p>\n<p><span style=\"color: #0000ff;\"><a style=\"color: #0000ff;\" href=\"https:\/\/advancedsofttissuerelease.com\/sv\/produkt\/gi-immun\/\"><strong>GI &amp; Immun &gt;<\/strong><\/a><\/span><\/p>\n<ul>\n<li>Fr\u00e4mjar mikrobiell balans<\/li>\n<li>Hj\u00e4lper till att uppr\u00e4tth\u00e5lla mag-tarmkomforten<\/li>\n<li>St\u00f6djer en sund immunfunktion<\/li>\n<li>Ger n\u00e4rings\u00e4mnen som \u00f6kar antioxidantskyddet<\/li>\n<li>F\u00f6rb\u00e4ttrar immunf\u00f6rsvaret<\/li>\n<li>St\u00f6djer det naturliga immunsvaret<\/li>\n<\/ul>\n<p><span style=\"color: #0000ff;\"><strong><a style=\"color: #0000ff;\" href=\"https:\/\/advancedsofttissuerelease.com\/sv\/produkt\/probiotika-max\/\">Probiotiska Max \u2013 18 stammar&gt;<\/a><\/strong><\/span><\/p>\n<ul>\n<li>St\u00f6djer en h\u00e4lsosam mikrobiota<\/li>\n<li>St\u00f6djer det naturliga immunsvaret<\/li>\n<li>St\u00f6djer laktossm\u00e4ltningen<\/li>\n<li>St\u00f6djer tarmens regelbundenhet<\/li>\n<li>St\u00f6der en frisk tarmmikrobiom<\/li>\n<li>Utvald f\u00f6r sin livskraft och stabilitet<\/li>\n<\/ul>\n<p>ASTR Probiotic Max-supplementet st\u00f6djer en h\u00e4lsosam mikrobiota, det naturliga immunsvaret, laktossm\u00e4ltningen och tarmens regelbundenhet. Probiotic Max Strain har olika probiotiska stammar f\u00f6r att st\u00f6dja en frisk tarmmikrobiom. Dessa stammar valdes inte bara ut f\u00f6r deras h\u00e4lsof\u00f6rdelar och kompletterande verkan utan ocks\u00e5 f\u00f6r deras livskraft och stabilitet. F\u00f6r att skydda bakterierna fr\u00e5n ljus och fukt anv\u00e4nds ogenomskinliga och foliefodrade f\u00f6rpackningar f\u00f6r b\u00e5da formlerna.*<\/p>\n<p><span style=\"color: #0000ff;\"><a style=\"color: #0000ff;\" href=\"https:\/\/advancedsofttissuerelease.com\/sv\/produkt\/enzymer\/\"><strong>Enzymer &gt;<\/strong><\/a><\/span><\/p>\n<ul>\n<li>St\u00f6djer h\u00e4lsosam matsm\u00e4ltning av makron\u00e4rings\u00e4mnen<\/li>\n<li>F\u00f6rb\u00e4ttrar n\u00e4ringsupptaget<\/li>\n<li>St\u00f6djer nedbrytningen av polysackarider<\/li>\n<li>St\u00f6djer bukspottk\u00f6rtelns funktion<\/li>\n<li>St\u00f6djer nedbrytningen av laktos<\/li>\n<\/ul>\n<p>ASTR Enzymes Supplements st\u00f6djer b\u00e5de h\u00e4lsosam matsm\u00e4ltning och absorption av makron\u00e4rings\u00e4mnen. Enzymer \u00e4r designade f\u00f6r att hj\u00e4lpa matsm\u00e4ltningen av fett, protein, kolhydrater, fibrer och laktos. ASTR skapade enzymer med hj\u00e4lp av en myriad av olika viktiga matsm\u00e4ltningsenzymer f\u00f6r att fungera inom ett brett pH-intervall.*<\/p>\n<p><strong>INNEH\u00c5LLER INTE:<\/strong>\u00a0 gluten, konstgjorda f\u00e4rg\u00e4mnen, konstgjorda konserveringsmedel eller konstgjorda s\u00f6tningsmedel.<\/p>\n<p style=\"text-align: center;\"><span style=\"font-size: 8pt; color: #333333;\">*Dessa uttalanden har inte utv\u00e4rderats av Food and Drug Administration. Denna produkt \u00e4r inte avsedd att diagnostisera, behandla, bota eller f\u00f6rebygga n\u00e5gon sjukdom.\u00a0<\/span><\/p>","protected":false},"excerpt":{"rendered":"<p><span class=\"\">Steg-f\u00f6r-steg-program inklusive tips om magh\u00e4lsa,\u00a0<\/span><span class=\"\">kostplan, <\/span><span class=\"\">recept, ink\u00f6pslistor och kosttillskott som hj\u00e4lper dig att ta itu med k\u00e4llan till dina underliggande h\u00e4lsoproblem.<\/span><\/p>","protected":false},"featured_media":37354,"template":"","meta":{"_analytify_skip_tracking":false},"product_brand":[],"product_cat":[1782],"product_tag":[644,1898,662,1895,1896,1897],"woo-feed-brand":[],"class_list":{"0":"post-10516","1":"product","2":"type-product","3":"status-publish","4":"has-post-thumbnail","6":"product_cat-health-supplement-kits","7":"product_tag-enzymes","8":"product_tag-fiber","9":"product_tag-gi","10":"product_tag-gut-supplements","11":"product_tag-leaky-gut-supplements","12":"product_tag-probiotics","13":"product_shipping_class-regular-shipping","15":"first","16":"instock","17":"sale","18":"taxable","19":"shipping-taxable","20":"purchasable","21":"product-type-simple"},"exclude_global_add_ons":[],"addons":[],"_links":{"self":[{"href":"https:\/\/advancedsofttissuerelease.com\/sv\/wp-json\/wp\/v2\/product\/10516","targetHints":{"allow":["GET"]}}],"collection":[{"href":"https:\/\/advancedsofttissuerelease.com\/sv\/wp-json\/wp\/v2\/product"}],"about":[{"href":"https:\/\/advancedsofttissuerelease.com\/sv\/wp-json\/wp\/v2\/types\/product"}],"version-history":[{"count":0,"href":"https:\/\/advancedsofttissuerelease.com\/sv\/wp-json\/wp\/v2\/product\/10516\/revisions"}],"wp:featuredmedia":[{"embeddable":true,"href":"https:\/\/advancedsofttissuerelease.com\/sv\/wp-json\/wp\/v2\/media\/37354"}],"wp:attachment":[{"href":"https:\/\/advancedsofttissuerelease.com\/sv\/wp-json\/wp\/v2\/media?parent=10516"}],"wp:term":[{"taxonomy":"product_brand","embeddable":true,"href":"https:\/\/advancedsofttissuerelease.com\/sv\/wp-json\/wp\/v2\/product_brand?post=10516"},{"taxonomy":"product_cat","embeddable":true,"href":"https:\/\/advancedsofttissuerelease.com\/sv\/wp-json\/wp\/v2\/product_cat?post=10516"},{"taxonomy":"product_tag","embeddable":true,"href":"https:\/\/advancedsofttissuerelease.com\/sv\/wp-json\/wp\/v2\/product_tag?post=10516"},{"taxonomy":"woo-feed-brand","embeddable":true,"href":"https:\/\/advancedsofttissuerelease.com\/sv\/wp-json\/wp\/v2\/woo-feed-brand?post=10516"}],"curies":[{"name":"wp","href":"https:\/\/api.w.org\/{rel}","templated":true}]}}