{"id":10557,"date":"2020-03-17T11:01:01","date_gmt":"2020-03-17T17:01:01","guid":{"rendered":"https:\/\/advancedsofttissuerelease.com\/?post_type=product&#038;p=10557"},"modified":"2025-09-23T20:43:49","modified_gmt":"2025-09-24T00:43:49","slug":"detox-kit-2","status":"publish","type":"product","link":"https:\/\/advancedsofttissuerelease.com\/sv\/product\/detox-kit\/","title":{"rendered":"Detox kit"},"content":{"rendered":"<div dir=\"ltr\">\n<h1><strong><span class=\"\" style=\"font-size: 12pt; color: #333333;\">Detox Supplement Kit<\/span><\/strong><\/h1>\n<p>I detta steg-f\u00f6r-steg-program kommer Dr. Jacobs att visa dig hur du implementerar ASTR:s detoxdiet med v\u00e5rt detox-tillskottskit f\u00f6r att eliminera gifter fr\u00e5n din kropp. Dr. Jacobs rekommenderar detox en eller tv\u00e5 g\u00e5nger om \u00e5ret f\u00f6r att bli av med dagliga toxinexponeringar s\u00e5som bek\u00e4mpningsmedel, herbicider, luftf\u00f6roreningar, vattenf\u00f6roreningar, hush\u00e5llskemikalier etc. Detox-tillskottssatsen kommer att kickstarta din resa f\u00f6r att st\u00e4da upp din kropp fr\u00e5n obehagliga gifter som kan leda till h\u00e4lsoproblem som obalans i det endokrina systemet, tr\u00f6tthet, s\u00f6mnl\u00f6shet, huvudv\u00e4rk, kronisk sm\u00e4rta, konstant inflammation, etc.<\/p>\n<p><span style=\"color: #333333;\"><strong>Detox Supplement Kit ing\u00e5r<\/strong><\/span><\/p>\n<ol>\n<li>Kollagen aktiv<\/li>\n<li>N-acetyl-L-cystein (NAC)<\/li>\n<li>Jod aktiv<\/li>\n<li><span style=\"color: #333333;\">C-vitamin och bioflavonoider\u00a0<\/span><\/li>\n<li><span style=\"color: #333333;\">ASTR \u00a0diet, including recipes<\/span><\/li>\n<\/ol>\n<p><span style=\"color: #0000ff;\"><a style=\"color: #0000ff;\" href=\"https:\/\/advancedsofttissuerelease.com\/sv\/produkt\/kollagen-aktiv\/\"><strong>Kollagen aktivt &gt;<\/strong><\/a><\/span><\/p>\n<\/div>\n<ul>\n<li>Supports detox process<\/li>\n<li>St\u00f6der processen f\u00f6r sj\u00e4lvreparation av brosk<\/li>\n<li>St\u00f6der processen f\u00f6r sj\u00e4lvreparation av senor<\/li>\n<li>St\u00f6der processen f\u00f6r sj\u00e4lvreparation av ligament<\/li>\n<li>St\u00f6der processen f\u00f6r sj\u00e4lvreparation av fascia<\/li>\n<li>St\u00f6der friskt h\u00e5r<\/li>\n<li>St\u00f6der frisk hud<\/li>\n<li>St\u00f6djer friska naglar<\/li>\n<li>St\u00f6der ledsm\u00f6rjning<\/li>\n<li>St\u00f6der ledd\u00e4mpning<\/li>\n<li>Fr\u00e4mjar bindv\u00e4vsbiosyntes<\/li>\n<\/ul>\n<p><a href=\"https:\/\/advancedsofttissuerelease.com\/sv\/produkt\/nac-n-acetyl-l-cysteine\/\"><span style=\"color: #0000ff;\"><strong>N-acetyl-L-cystein (NAC) &gt;<\/strong><\/span><\/a><\/p>\n<div class=\"page\" title=\"Sida 1\">\n<div class=\"section\">\n<div class=\"layoutArea\">\n<div class=\"column\">\n<ul>\n<li>St\u00f6der glutationsyntes<\/li>\n<li>St\u00f6der avgiftning av milj\u00f6gifter och f\u00f6roreningar<\/li>\n<li>St\u00f6djer immunf\u00f6rsvaret<\/li>\n<li>St\u00f6der leverfunktionen<\/li>\n<li>St\u00f6djer antioxidantaktivitet i alla kroppsceller<\/li>\n<li>St\u00f6der h\u00e4lsosam andningsfunktion<\/li>\n<\/ul>\n<p><a href=\"https:\/\/advancedsofttissuerelease.com\/sv\/produkt\/vitamin-c-och-bioflavonoider\/\"><strong><span style=\"color: #0000ff;\">C-vitamin &amp;\u00a0<span style=\"caret-color: #0000ff;\">Bioflavonoider<\/span>\u00a0 &gt;\u00a0<\/span><\/strong><\/a><\/p>\n<ul>\n<li>C-vitaminformel med h\u00f6g styrka<\/li>\n<li>St\u00f6der immunf\u00f6rsvaret<\/li>\n<li>St\u00f6der antioxidantsystem<\/li>\n<li>St\u00f6d blodk\u00e4rlssyntesen<\/li>\n<li>St\u00f6djer produktionen av kollagen<\/li>\n<li>St\u00f6djer produktionen av karnitin<\/li>\n<li>St\u00f6djer produktionen av neurotransmittorer<\/li>\n<\/ul>\n<p>Vitamin C och Bioflavonoider kombinerar h\u00f6gpotens C-vitamin med ett standardiserat, fullspektrum, citrusbioflavonoidkomplex. B\u00e5de vitamin C och bioflavonoider har unders\u00f6kts omfattande f\u00f6r deras roller f\u00f6r att st\u00f6dja antioxidanter och immunfunktion. Dessutom tyder forskning p\u00e5 att C-vitamin kr\u00e4vs f\u00f6r syntesen av kollagen, signalsubstanser och karnitin. Bioflavonoider verkar st\u00f6dja h\u00e4lsosam metabolism och kognition genom att fungera som cellsignalerande medel.*<\/p>\n<\/div>\n<\/div>\n<\/div>\n<\/div>\n<p><span style=\"color: #0000ff;\"><a style=\"color: #0000ff;\" href=\"https:\/\/advancedsofttissuerelease.com\/sv\/produkt\/jod-aktiv-2\/\"><strong>Jod Aktiv &gt;<\/strong><\/a><\/span><\/p>\n<ul>\n<li>St\u00f6der sk\u00f6ldk\u00f6rtelh\u00e4lsa<\/li>\n<li>Supports detox process<\/li>\n<li>Hj\u00e4lper till att uppr\u00e4tth\u00e5lla frisk br\u00f6stv\u00e4vnad<\/li>\n<li>St\u00f6der sund syntes av sk\u00f6ldk\u00f6rtelhormoner<\/li>\n<li>Minska oxidativ stress<\/li>\n<li>St\u00f6djer friska \u00f6gon<\/li>\n<li>St\u00f6djer friskt mag-tarmslemhinna<\/li>\n<li>Antioxidant<\/li>\n<\/ul>\n<p><span style=\"color: #333333;\">ASTR Essential-tillskott st\u00f6der antioxidantskydd och avgiftning samtidigt som det hj\u00e4lper till att f\u00f6rb\u00e4ttra h\u00e4lsan hos individer med d\u00e5ligt n\u00e4ringsintag. Den omfattande n\u00e4ringsprofilen i Essential st\u00f6der grundl\u00e4ggande v\u00e4lbefinnande; antioxidantaktivitet med vitamin C och E, selen och betakaroten; och fas I avgiftning.*<\/span><\/p>\n<p style=\"text-align: center;\"><span style=\"font-size: 8pt; color: #333333;\">Dessa uttalanden har inte utv\u00e4rderats av Food and Drug Administration. Denna produkt \u00e4r inte avsedd att diagnostisera, behandla, bota eller f\u00f6rebygga n\u00e5gon sjukdom.<\/span><\/p>","protected":false},"excerpt":{"rendered":"<p><span class=\"\">Steg-f\u00f6r-steg-program inklusive detox-tips,\u00a0<\/span><span class=\"\">kostplan, <\/span><span class=\"\">recept, ink\u00f6pslistor och kosttillskott som hj\u00e4lper dig att ta itu med k\u00e4llan till dina underliggande h\u00e4lsoproblem.<\/span><\/p>","protected":false},"featured_media":29581,"template":"","meta":{"_analytify_skip_tracking":false},"product_brand":[],"product_cat":[1782],"product_tag":[1042,1928,1929,1898,529],"woo-feed-brand":[],"class_list":{"0":"post-10557","1":"product","2":"type-product","3":"status-publish","4":"has-post-thumbnail","6":"product_cat-health-supplement-kits","7":"product_tag-detox","8":"product_tag-detox-diet","9":"product_tag-detox-supplements","10":"product_tag-fiber","11":"product_tag-vitamin-c","12":"product_shipping_class-regular-shipping","14":"first","15":"instock","16":"sale","17":"featured","18":"taxable","19":"shipping-taxable","20":"purchasable","21":"product-type-simple"},"exclude_global_add_ons":[],"addons":[],"_links":{"self":[{"href":"https:\/\/advancedsofttissuerelease.com\/sv\/wp-json\/wp\/v2\/product\/10557","targetHints":{"allow":["GET"]}}],"collection":[{"href":"https:\/\/advancedsofttissuerelease.com\/sv\/wp-json\/wp\/v2\/product"}],"about":[{"href":"https:\/\/advancedsofttissuerelease.com\/sv\/wp-json\/wp\/v2\/types\/product"}],"version-history":[{"count":0,"href":"https:\/\/advancedsofttissuerelease.com\/sv\/wp-json\/wp\/v2\/product\/10557\/revisions"}],"wp:featuredmedia":[{"embeddable":true,"href":"https:\/\/advancedsofttissuerelease.com\/sv\/wp-json\/wp\/v2\/media\/29581"}],"wp:attachment":[{"href":"https:\/\/advancedsofttissuerelease.com\/sv\/wp-json\/wp\/v2\/media?parent=10557"}],"wp:term":[{"taxonomy":"product_brand","embeddable":true,"href":"https:\/\/advancedsofttissuerelease.com\/sv\/wp-json\/wp\/v2\/product_brand?post=10557"},{"taxonomy":"product_cat","embeddable":true,"href":"https:\/\/advancedsofttissuerelease.com\/sv\/wp-json\/wp\/v2\/product_cat?post=10557"},{"taxonomy":"product_tag","embeddable":true,"href":"https:\/\/advancedsofttissuerelease.com\/sv\/wp-json\/wp\/v2\/product_tag?post=10557"},{"taxonomy":"woo-feed-brand","embeddable":true,"href":"https:\/\/advancedsofttissuerelease.com\/sv\/wp-json\/wp\/v2\/woo-feed-brand?post=10557"}],"curies":[{"name":"wp","href":"https:\/\/api.w.org\/{rel}","templated":true}]}}