{"id":10561,"date":"2020-03-17T11:32:46","date_gmt":"2020-03-17T18:32:46","guid":{"rendered":"https:\/\/advancedsofttissuerelease.com\/?post_type=product&#038;p=10561"},"modified":"2024-11-06T21:32:36","modified_gmt":"2024-11-07T02:32:36","slug":"nac-n-acetyl-l-cystein","status":"publish","type":"product","link":"https:\/\/advancedsofttissuerelease.com\/sv\/product\/nac-n-acetyl-l-cysteine-active\/","title":{"rendered":"NAC Active"},"content":{"rendered":"<h1><strong><span style=\"font-size: 12pt;\">NAC Active (N-Acetyl-L-Cysteine)<\/span><\/strong><\/h1>\n<div class=\"page\" title=\"Sida 1\">\n<div class=\"section\">\n<div class=\"layoutArea\">\n<div class=\"column\">\n<ul>\n<li>St\u00f6der glutationsyntes<\/li>\n<li>St\u00f6der avgiftning av milj\u00f6gifter och f\u00f6roreningar<\/li>\n<li>St\u00f6djer immunf\u00f6rsvaret<\/li>\n<li>St\u00f6der leverfunktionen<\/li>\n<li>St\u00f6djer antioxidantaktivitet i alla kroppsceller<\/li>\n<li>St\u00f6der h\u00e4lsosam andningsfunktion<\/li>\n<\/ul>\n<\/div>\n<\/div>\n<\/div>\n<\/div>\n<p><strong>INNEH\u00c5LLER INTE:<\/strong> Vete, gluten, j\u00e4st, soja, mejeriprodukter, fisk, skaldjur, jordn\u00f6tter, tr\u00e4dn\u00f6tter, off, ingredienser fr\u00e5n genetiskt modifierade organismer, konstgjorda f\u00e4rg\u00e4mnen, konstgjorda s\u00f6tningsmedel eller konstgjorda konserveringsmedel.<\/p>\n<p style=\"text-align: center;\"><span style=\"font-size: 8pt;\">*Dessa uttalanden har inte utv\u00e4rderats av Food and Drug Administration. Denna produkt \u00e4r inte avsedd att diagnostisera, behandla, bota eller f\u00f6rebygga n\u00e5gon sjukdom.\u00a0<\/span><\/p>","protected":false},"excerpt":{"rendered":"<p>NAC Active (N-Acetyl-L-Cysteine) Supports glutathione synthesis Supports detoxification of environmental toxins and pollutants Supports immune function Supports liver function Supports antioxidant activity in all Body Cells Supports healthy respiratory function DOES NOT CONTAIN: Wheat, gluten, yeast, soy, dairy products, fish, shellfish, peanuts, tree nuts, off, ingredients derived from genetically modified organisms, artificial colors, artificial sweeteners, [&hellip;]<\/p>\n","protected":false},"featured_media":10563,"template":"","meta":{"_analytify_skip_tracking":false},"product_brand":[],"product_cat":[515],"product_tag":[629,1042,590,1933,1885],"woo-feed-brand":[],"class_list":{"0":"post-10561","1":"product","2":"type-product","3":"status-publish","4":"has-post-thumbnail","6":"product_cat-supplements","7":"product_tag-antioxidant","8":"product_tag-detox","9":"product_tag-glutathione","10":"product_tag-n-acetyl-l-cysteine","11":"product_tag-nac","12":"product_shipping_class-regular-shipping","14":"first","15":"instock","16":"taxable","17":"shipping-taxable","18":"purchasable","19":"product-type-variable-subscription"},"exclude_global_add_ons":[],"addons":[],"_links":{"self":[{"href":"https:\/\/advancedsofttissuerelease.com\/sv\/wp-json\/wp\/v2\/product\/10561","targetHints":{"allow":["GET"]}}],"collection":[{"href":"https:\/\/advancedsofttissuerelease.com\/sv\/wp-json\/wp\/v2\/product"}],"about":[{"href":"https:\/\/advancedsofttissuerelease.com\/sv\/wp-json\/wp\/v2\/types\/product"}],"version-history":[{"count":0,"href":"https:\/\/advancedsofttissuerelease.com\/sv\/wp-json\/wp\/v2\/product\/10561\/revisions"}],"wp:featuredmedia":[{"embeddable":true,"href":"https:\/\/advancedsofttissuerelease.com\/sv\/wp-json\/wp\/v2\/media\/10563"}],"wp:attachment":[{"href":"https:\/\/advancedsofttissuerelease.com\/sv\/wp-json\/wp\/v2\/media?parent=10561"}],"wp:term":[{"taxonomy":"product_brand","embeddable":true,"href":"https:\/\/advancedsofttissuerelease.com\/sv\/wp-json\/wp\/v2\/product_brand?post=10561"},{"taxonomy":"product_cat","embeddable":true,"href":"https:\/\/advancedsofttissuerelease.com\/sv\/wp-json\/wp\/v2\/product_cat?post=10561"},{"taxonomy":"product_tag","embeddable":true,"href":"https:\/\/advancedsofttissuerelease.com\/sv\/wp-json\/wp\/v2\/product_tag?post=10561"},{"taxonomy":"woo-feed-brand","embeddable":true,"href":"https:\/\/advancedsofttissuerelease.com\/sv\/wp-json\/wp\/v2\/woo-feed-brand?post=10561"}],"curies":[{"name":"wp","href":"https:\/\/api.w.org\/{rel}","templated":true}]}}