{"id":13391,"date":"2020-04-23T16:28:40","date_gmt":"2020-04-23T22:28:40","guid":{"rendered":"https:\/\/advancedsofttissuerelease.com\/?post_type=product&#038;p=13391"},"modified":"2024-10-14T11:50:11","modified_gmt":"2024-10-14T15:50:11","slug":"sinus-relief-kit-2","status":"publish","type":"product","link":"https:\/\/advancedsofttissuerelease.com\/sv\/product\/sinus-relief-kit\/","title":{"rendered":"Sinus Relief Kit"},"content":{"rendered":"<p><span style=\"font-size: 12pt; color: #333333;\"><strong>Sinus Relief Kit<\/strong><\/span><\/p>\n<p><span style=\"color: #333333;\">I detta steg-f\u00f6r-steg-program kommer Dr. Jacobs att visa dig hur du snabbt och effektivt kan kontrollera eller eliminera sinussymptom genom att implementera ASTR:s antiinflammatoriska diet med v\u00e5rt tillskottssats f\u00f6r sinuslindring. Om du upplever kortvariga eller kroniska bih\u00e5leproblem, kommer detta kit att starta din resa f\u00f6r att lindra din bih\u00e5lesm\u00e4rta!<\/span><\/p>\n<p><span style=\"color: #333333;\"><strong>Sinus Relief Kit ing\u00e5r<\/strong><\/span><\/p>\n<ol>\n<li><span style=\"color: #333333;\">Probiotika Max<\/span><\/li>\n<li>Flavonoid\u00a0<span style=\"font-size: 16px;\">Active<\/span><\/li>\n<li>NAC<\/li>\n<li><span style=\"color: #333333;\">K2 &amp; D3 komplett<\/span><\/li>\n<li>Niacin Active<\/li>\n<li><span style=\"color: #333333;\">Zink aktiv<\/span><\/li>\n<li><span style=\"color: #333333;\">Antiinflammatorisk kost, inklusive recept<\/span><\/li>\n<\/ol>\n<p><strong><a href=\"https:\/\/advancedsofttissuerelease.com\/sv\/produkt\/probiotika-max\/\">Probiotiska Max \u2013 18 stammar &gt;<\/a><\/strong><\/p>\n<ul>\n<li>St\u00f6djer en h\u00e4lsosam mikrobiota<\/li>\n<li>St\u00f6djer det naturliga immunsvaret<\/li>\n<li>St\u00f6djer laktossm\u00e4ltningen<\/li>\n<li>St\u00f6djer tarmens regelbundenhet<\/li>\n<li>St\u00f6der en frisk tarmmikrobiom<\/li>\n<li>Utvald f\u00f6r sin livskraft och stabilitet<\/li>\n<\/ul>\n<div class=\"page\" title=\"Sida 1\">\n<div class=\"section\">\n<div class=\"layoutArea\">\n<div class=\"column\">\n<p><a href=\"https:\/\/advancedsofttissuerelease.com\/sv\/produkt\/infla-lattnad-4\/\"><strong>Flavonoid Active &gt;\u00a0<\/strong><\/a><\/p>\n<ul>\n<li>C-vitaminformel med h\u00f6g styrka<\/li>\n<li>St\u00f6der immunf\u00f6rsvaret<\/li>\n<li>St\u00f6der antioxidantsystem<\/li>\n<li>St\u00f6d blodk\u00e4rlssyntesen<\/li>\n<li>St\u00f6djer produktionen av kollagen<\/li>\n<li>St\u00f6djer produktionen av neurotransmittorer<\/li>\n<\/ul>\n<p>Flavonoid Active combines high-potency vitamin C with a standardized, full-spectrum, citrus bioflavonoid complex. Both vitamin C and bioflavonoids have been extensively researched for their roles in supporting antioxidant and immune function. In addition, research indicates that vitamin C is required for the synthesis of collagen, neurotransmitters, and carnitine. flavonoids appear to support healthy metabolism and cognition by functioning as cell-signaling agents.*<\/p>\n<\/div>\n<p><a href=\"https:\/\/advancedsofttissuerelease.com\/sv\/produkt\/nac-n-acetyl-l-cysteine\/\"><strong>N-acetyl-L-cystein (NAC) &gt;<\/strong><\/a><\/p>\n<div class=\"page\" title=\"Sida 1\">\n<div class=\"section\">\n<div class=\"layoutArea\">\n<div class=\"column\">\n<ul>\n<li>St\u00f6der glutationsyntes<\/li>\n<li>St\u00f6der avgiftning av milj\u00f6gifter och f\u00f6roreningar<\/li>\n<li>St\u00f6djer immunf\u00f6rsvaret<\/li>\n<li>St\u00f6der leverfunktionen<\/li>\n<li>St\u00f6djer antioxidantaktivitet i alla kroppsceller<\/li>\n<li>St\u00f6der h\u00e4lsosam andningsfunktion<\/li>\n<\/ul>\n<\/div>\n<\/div>\n<\/div>\n<\/div>\n<\/div>\n<\/div>\n<\/div>\n<div class=\"page\" title=\"Sida 2\">\n<div class=\"layoutArea\">\n<div class=\"column\">\n<div class=\"page\" title=\"Sida 1\">\n<div class=\"section\">\n<div class=\"layoutArea\">\n<div class=\"page\" title=\"Sida 1\">\n<div class=\"section\">\n<div class=\"layoutArea\">\n<p><span style=\"color: #0000ff;\"><a style=\"color: #0000ff;\" href=\"https:\/\/advancedsofttissuerelease.com\/sv\/produkt\/zinkaktiv-2\/\"><strong>Zink Active &gt;<\/strong><\/a><\/span><\/p>\n<ul>\n<li>St\u00f6der immunf\u00f6rsvaret<\/li>\n<li>St\u00f6der neurologisk funktion<\/li>\n<li>St\u00f6djer n\u00e4rings\u00e4mnesmetabolismen<\/li>\n<li>St\u00f6djer reproduktiv h\u00e4lsa<\/li>\n<li>St\u00f6der hormonbalansen<\/li>\n<li>St\u00f6d sensorisk uppfattning<\/li>\n<li>St\u00f6der antioxidantaktivitet<\/li>\n<li>St\u00f6der enzymatiska reaktioner<\/li>\n<li>St\u00f6der proteinmetabolism<\/li>\n<\/ul>\n<p><a href=\"https:\/\/advancedsofttissuerelease.com\/sv\/produkt\/niacin-fordrojd-frisattning-2\/\"><strong>Niacin Active &gt;<\/strong><\/a><\/p>\n<ul>\n<li>St\u00f6djer friska blodlipider<\/li>\n<li>St\u00f6djer h\u00e4lsa h\u00f6gdensitetsliporproteinkolesterol (HDL)<\/li>\n<li>Time-release formel som \u00e4r klar p\u00e5 sju till \u00e5tta timmar<\/li>\n<li>St\u00f6der normal carotis intima-media thickness (CIMT)<\/li>\n<li>Har mindre rodnadseffekt j\u00e4mf\u00f6rt med omedelbar fris\u00e4ttning av niacin<\/li>\n<\/ul>\n<p><span style=\"color: #0000ff;\"><a style=\"color: #0000ff;\" href=\"https:\/\/advancedsofttissuerelease.com\/sv\/produkt\/k2-d3-komplett-2\/\"><strong>K2 &amp; D3 komplett &gt;<\/strong><\/a><\/span><\/p>\n<ul>\n<li><span style=\"color: #333333;\">St\u00f6djer en h\u00e4lsosam blodcirkulation<\/span><\/li>\n<li><span style=\"color: #333333;\">Fr\u00e4mjar optimal benh\u00e4lsa<\/span><\/li>\n<li><span style=\"color: #333333;\">Fr\u00e4mjar korrekt kalciumlagring<\/span><\/li>\n<li><span style=\"color: #333333;\">Uppr\u00e4tth\u00e5ller en h\u00e4lsosam kardiometabolisk funktion<\/span><\/li>\n<li><span style=\"color: #333333;\">St\u00f6der arteriell elasticitet<\/span><\/li>\n<li><span style=\"color: #333333;\">\u00d6kar immunf\u00f6rsvaret<\/span><\/li>\n<li><span style=\"color: #333333;\">St\u00f6djer en h\u00e4lsosam kalciumbalans<\/span><\/li>\n<li><span style=\"color: #333333;\">St\u00f6der blodsockerbalansen<\/span><\/li>\n<\/ul>\n<p><span style=\"color: #333333;\">Aktuell forskning har funnit att h\u00f6gkoncentrationstillskott av K2, vid 180 mcg\/dag, resulterar i f\u00f6rb\u00e4ttrade kliniska resultat j\u00e4mf\u00f6rt med tillskott med l\u00e4gre dos*. K2 &amp; D3 komplett ger 180 mcg MenaQ7\u00ae PRO, den mest studerade formen av vitamin K2 som MK-7, tillsammans med 5 000 IE vitamin D3 f\u00f6r optimalt st\u00f6d f\u00f6r ben och kardiovaskul\u00e4r h\u00e4lsa.<\/span><\/p>\n<\/div>\n<\/div>\n<\/div>\n<\/div>\n<\/div>\n<\/div>\n<p><span style=\"color: #333333;\"><strong>Inneh\u00e5ller inte:\u00a0<\/strong>Gluten, majs, j\u00e4st, konstgjorda f\u00e4rg- och smak\u00e4mnen.<\/span><\/p>\n<\/div>\n<\/div>\n<\/div>\n<p style=\"text-align: center;\"><span style=\"font-size: 8pt; color: #333333;\">*Dessa uttalanden har inte utv\u00e4rderats av Food and Drug Administration. Denna produkt \u00e4r inte avsedd att diagnostisera, behandla, bota eller f\u00f6rebygga n\u00e5gon sjukdom.\u00a0<\/span><\/p>","protected":false},"excerpt":{"rendered":"<p>Steg-f\u00f6r-steg-program inklusive bih\u00e5lelindringstips, kostplan, recept, ink\u00f6pslistor och kosttillskott som hj\u00e4lper dig att ta itu med k\u00e4llan till dina underliggande h\u00e4lsoproblem.<\/p>","protected":false},"featured_media":37362,"template":"","meta":{"_analytify_skip_tracking":false},"product_brand":[],"product_cat":[1782],"product_tag":[521,2134,1414,2133,1907],"woo-feed-brand":[],"class_list":{"0":"post-13391","1":"product","2":"type-product","3":"status-publish","4":"has-post-thumbnail","6":"product_cat-health-supplement-kits","7":"product_tag-astr-supplement","8":"product_tag-breakdown-and-clear-mucus","9":"product_tag-immune-support","10":"product_tag-sinus-relief","11":"product_tag-zinc","12":"product_shipping_class-regular-shipping","14":"first","15":"instock","16":"sale","17":"taxable","18":"shipping-taxable","19":"purchasable","20":"product-type-simple"},"exclude_global_add_ons":false,"addons":[{"name":"Sm\u00e4rtlindrande kr\u00e4m f\u00f6r sm\u00e4rta, inflammation och p\u00e5skyndar l\u00e4kning","type":"checkbox","position":0,"required":true,"title_format":"heading","default":"","description_enable":false,"description":"","placeholder_enable":false,"placeholder":"","display":"radiobutton","restrictions_type":"any_text","adjust_price":false,"price":"","price_type":"flat_fee","restrictions":false,"min":"0","max":"0","options":[{"label":"Yes (save $10)","price":"39","price_type":"flat_fee","image":0,"visibility":true},{"label":"No","price":"","price_type":"flat_fee","image":0,"visibility":true}],"id":1714236870},{"name":"Do you own our tool kit? (A1, A2, A3, A4 & A5)","type":"multiple_choice","position":0,"required":true,"title_format":"heading","default":"","description_enable":false,"description":"","placeholder_enable":false,"placeholder":"","display":"radiobutton","restrictions_type":"any_text","adjust_price":false,"price":"","price_type":"flat_fee","restrictions":false,"min":"0","max":"0","options":[{"label":"Yes","price":"0","price_type":"flat_fee","image":0,"visibility":true},{"label":"No","price":"399","price_type":"flat_fee","image":0,"visibility":true}]}],"_links":{"self":[{"href":"https:\/\/advancedsofttissuerelease.com\/sv\/wp-json\/wp\/v2\/product\/13391","targetHints":{"allow":["GET"]}}],"collection":[{"href":"https:\/\/advancedsofttissuerelease.com\/sv\/wp-json\/wp\/v2\/product"}],"about":[{"href":"https:\/\/advancedsofttissuerelease.com\/sv\/wp-json\/wp\/v2\/types\/product"}],"version-history":[{"count":0,"href":"https:\/\/advancedsofttissuerelease.com\/sv\/wp-json\/wp\/v2\/product\/13391\/revisions"}],"wp:featuredmedia":[{"embeddable":true,"href":"https:\/\/advancedsofttissuerelease.com\/sv\/wp-json\/wp\/v2\/media\/37362"}],"wp:attachment":[{"href":"https:\/\/advancedsofttissuerelease.com\/sv\/wp-json\/wp\/v2\/media?parent=13391"}],"wp:term":[{"taxonomy":"product_brand","embeddable":true,"href":"https:\/\/advancedsofttissuerelease.com\/sv\/wp-json\/wp\/v2\/product_brand?post=13391"},{"taxonomy":"product_cat","embeddable":true,"href":"https:\/\/advancedsofttissuerelease.com\/sv\/wp-json\/wp\/v2\/product_cat?post=13391"},{"taxonomy":"product_tag","embeddable":true,"href":"https:\/\/advancedsofttissuerelease.com\/sv\/wp-json\/wp\/v2\/product_tag?post=13391"},{"taxonomy":"woo-feed-brand","embeddable":true,"href":"https:\/\/advancedsofttissuerelease.com\/sv\/wp-json\/wp\/v2\/woo-feed-brand?post=13391"}],"curies":[{"name":"wp","href":"https:\/\/api.w.org\/{rel}","templated":true}]}}