{"id":13751,"date":"2020-05-22T13:20:13","date_gmt":"2020-05-22T19:20:13","guid":{"rendered":"https:\/\/advancedsofttissuerelease.com\/?post_type=product&#038;p=13751"},"modified":"2025-09-23T20:33:35","modified_gmt":"2025-09-24T00:33:35","slug":"sarlakningskit","status":"publish","type":"product","link":"https:\/\/advancedsofttissuerelease.com\/sv\/product\/wound-healing-kit\/","title":{"rendered":"S\u00e5rl\u00e4kningskit"},"content":{"rendered":"<p><span style=\"font-size: 12pt; color: #333333;\"><strong>S\u00e5rl\u00e4kningskit<\/strong><\/span><\/p>\n<p><span style=\"color: #333333;\">I detta steg-f\u00f6r-steg-program kommer Dr. Jacobs att visa dig hur du snabbt och effektivt kan p\u00e5skynda l\u00e4kningsprocessen genom att implementera ASTR:s antiinflammatoriska kost med v\u00e5rt s\u00e5rl\u00e4kningstillskott. Om du har kortvariga eller kroniska s\u00e5rproblem, kommer detta kit att starta din resa mot l\u00e4kning!<\/span><\/p>\n<p><span style=\"color: #333333;\"><strong><span style=\"font-size: 12pt; color: #333333;\">S\u00e5rl\u00e4kning<\/span> Kit ing\u00e5r<\/strong><\/span><\/p>\n<ol>\n<li>Sm\u00e4rtlindrande kr\u00e4m<\/li>\n<li>Kollagen aktiv<\/li>\n<li>C-vitamin och bioflavonoider<\/li>\n<li><span style=\"color: #333333;\">K2 &amp; D3 komplett<\/span><\/li>\n<li><span style=\"color: #333333;\">Zink aktiv<\/span><\/li>\n<li><span style=\"color: #333333;\">ASTR diet, including recipes<\/span><\/li>\n<\/ol>\n<p><strong><a href=\"https:\/\/advancedsofttissuerelease.com\/sv\/produkt\/smartlindring-kram\/\">Sm\u00e4rtlindrande kr\u00e4m &gt;<\/a><\/strong><\/p>\n<div class=\"page\" title=\"Sida 1\">\n<div class=\"section\">\n<p><strong>F\u00f6r vuxna &amp; barn<\/strong><\/p>\n<ul>\n<li>St\u00f6der lindring av muskel- och ledv\u00e4rk<\/li>\n<li>St\u00f6djer s\u00e5rl\u00e4kning<\/li>\n<li>St\u00f6der normal hud- och nagelh\u00e4lsa<\/li>\n<li>St\u00f6der ett h\u00e4lsosamt inflammatoriskt svar<\/li>\n<li>F\u00f6rb\u00e4ttrar muskuloskeletala h\u00e4lsa<\/li>\n<li>Stolttar med ledh\u00e4lsa<\/li>\n<li>\u00d6kar ledr\u00f6relser<\/li>\n<\/ul>\n<p><strong>Sm\u00e4rtstillande kr\u00e4m anv\u00e4nds f\u00f6r<\/strong><\/p>\n<ul>\n<li>Sm\u00e4rtstillande<\/li>\n<li>Minska inflammation<\/li>\n<li>Artrit<\/li>\n<li>S\u00e5rv\u00e5rd<\/li>\n<li>Eksem<\/li>\n<li>Acne<\/li>\n<li>Dermatit<\/li>\n<li>Psoriasis<\/li>\n<\/ul>\n<\/div>\n<\/div>\n<div class=\"page\" title=\"Sida 2\">\n<div class=\"layoutArea\">\n<div class=\"column\">\n<div class=\"page\" title=\"Sida 1\">\n<div class=\"section\">\n<div class=\"layoutArea\">\n<div class=\"page\" title=\"Sida 1\">\n<div class=\"section\">\n<div class=\"layoutArea\">\n<p><a href=\"https:\/\/advancedsofttissuerelease.com\/sv\/produkt\/kollagen-aktiv\/\"><strong>Kollagen aktivt &gt;<\/strong><\/a><\/p>\n<ul>\n<li>St\u00f6der processen f\u00f6r sj\u00e4lvreparation av brosk<\/li>\n<li>St\u00f6der processen f\u00f6r sj\u00e4lvreparation av senor<\/li>\n<li>St\u00f6der processen f\u00f6r sj\u00e4lvreparation av ligament<\/li>\n<li>St\u00f6der processen f\u00f6r sj\u00e4lvreparation av fascia<\/li>\n<li>St\u00f6der friskt h\u00e5r<\/li>\n<li>St\u00f6der frisk hud<\/li>\n<li>St\u00f6djer friska naglar<\/li>\n<li>St\u00f6der ledsm\u00f6rjning<\/li>\n<li>St\u00f6der ledd\u00e4mpning<\/li>\n<li>Fr\u00e4mjar bindv\u00e4vsbiosyntes<\/li>\n<\/ul>\n<div class=\"page\" title=\"Sida 1\">\n<div class=\"section\">\n<div class=\"layoutArea\">\n<div class=\"column\">\n<p>Kollagen \u00e4r en avg\u00f6rande del av hud, h\u00e5r, naglar, leder och bindv\u00e4v. Kollagen Aktivt inneh\u00e5ll: vitamin c, magnesium, typ 1 kollagen, hyaluronsyra, gelatinhydrolysat. Kollagen aktivt st\u00f6djer frisk brosk, senor, ligament, fascia och ledfunktion.<\/p>\n<\/div>\n<\/div>\n<\/div>\n<\/div>\n<p><a href=\"https:\/\/advancedsofttissuerelease.com\/sv\/produkt\/vitamin-c-och-bioflavonoider\/\"><strong><span style=\"color: #0000ff;\">C-vitamin &amp;\u00a0<span style=\"caret-color: #0000ff;\">Bioflavonoider<\/span>\u00a0 &gt;\u00a0<\/span><\/strong><\/a><\/p>\n<ul>\n<li>C-vitaminformel med h\u00f6g styrka<\/li>\n<li>St\u00f6der immunf\u00f6rsvaret<\/li>\n<li>St\u00f6der antioxidantsystem<\/li>\n<li>St\u00f6d blodk\u00e4rlssyntesen<\/li>\n<li>St\u00f6djer produktionen av kollagen<\/li>\n<li>St\u00f6djer produktionen av karnitin<\/li>\n<li>St\u00f6djer produktionen av neurotransmittorer<\/li>\n<\/ul>\n<p>Vitamin C och Bioflavonoider kombinerar h\u00f6gpotens C-vitamin med ett standardiserat, fullspektrum, citrusbioflavonoidkomplex. B\u00e5de vitamin C och bioflavonoider har unders\u00f6kts omfattande f\u00f6r deras roller f\u00f6r att st\u00f6dja antioxidanter och immunfunktion. Dessutom tyder forskning p\u00e5 att C-vitamin kr\u00e4vs f\u00f6r syntesen av kollagen, signalsubstanser och karnitin. Bioflavonoider verkar st\u00f6dja h\u00e4lsosam metabolism och kognition genom att fungera som cellsignalerande medel.*<\/p>\n<p><span style=\"color: #0000ff;\"><a style=\"color: #0000ff;\" href=\"https:\/\/advancedsofttissuerelease.com\/sv\/produkt\/zinkaktiv-2\/\"><strong>Zink Active &gt;<\/strong><\/a><\/span><\/p>\n<ul>\n<li>St\u00f6der immunf\u00f6rsvaret<\/li>\n<li>St\u00f6der neurologisk funktion<\/li>\n<li>St\u00f6djer n\u00e4rings\u00e4mnesmetabolismen<\/li>\n<li>St\u00f6djer reproduktiv h\u00e4lsa<\/li>\n<li>St\u00f6der hormonbalansen<\/li>\n<li>St\u00f6d sensorisk uppfattning<\/li>\n<li>St\u00f6der antioxidantaktivitet<\/li>\n<li>St\u00f6der enzymatiska reaktioner<\/li>\n<li>St\u00f6der proteinmetabolism<\/li>\n<\/ul>\n<p><span style=\"color: #0000ff;\"><a style=\"color: #0000ff;\" href=\"https:\/\/advancedsofttissuerelease.com\/sv\/produkt\/k2-d3-komplett-2\/\"><strong>K2 &amp; D3 komplett &gt;<\/strong><\/a><\/span><\/p>\n<ul>\n<li><span style=\"color: #333333;\">St\u00f6djer en h\u00e4lsosam blodcirkulation<\/span><\/li>\n<li><span style=\"color: #333333;\">Fr\u00e4mjar optimal benh\u00e4lsa<\/span><\/li>\n<li><span style=\"color: #333333;\">Fr\u00e4mjar korrekt kalciumlagring<\/span><\/li>\n<li><span style=\"color: #333333;\">Uppr\u00e4tth\u00e5ller en h\u00e4lsosam kardiometabolisk funktion<\/span><\/li>\n<li><span style=\"color: #333333;\">St\u00f6der arteriell elasticitet<\/span><\/li>\n<li><span style=\"color: #333333;\">\u00d6kar immunf\u00f6rsvaret<\/span><\/li>\n<li><span style=\"color: #333333;\">St\u00f6djer en h\u00e4lsosam kalciumbalans<\/span><\/li>\n<li><span style=\"color: #333333;\">St\u00f6der blodsockerbalansen<\/span><\/li>\n<\/ul>\n<p><span style=\"color: #333333;\">Aktuell forskning har funnit att h\u00f6gkoncentrationstillskott av K2, vid 180 mcg\/dag, resulterar i f\u00f6rb\u00e4ttrade kliniska resultat j\u00e4mf\u00f6rt med tillskott med l\u00e4gre dos*. K2 &amp; D3 komplett ger 180 mcg MenaQ7\u00ae PRO, den mest studerade formen av vitamin K2 som MK-7, tillsammans med 5 000 IE vitamin D3 f\u00f6r optimalt st\u00f6d f\u00f6r ben och kardiovaskul\u00e4r h\u00e4lsa.<\/span><\/p>\n<\/div>\n<\/div>\n<\/div>\n<\/div>\n<\/div>\n<\/div>\n<p><span style=\"color: #333333;\"><strong>Inneh\u00e5ller inte:\u00a0<\/strong>Gluten, majs, j\u00e4st, konstgjorda f\u00e4rg- och smak\u00e4mnen.<\/span><\/p>\n<\/div>\n<\/div>\n<\/div>\n<p style=\"text-align: center;\"><span style=\"font-size: 8pt; color: #333333;\">*Dessa uttalanden har inte utv\u00e4rderats av Food and Drug Administration. Denna produkt \u00e4r inte avsedd att diagnostisera, behandla, bota eller f\u00f6rebygga n\u00e5gon sjukdom.\u00a0<\/span><\/p>","protected":false},"excerpt":{"rendered":"<p>Steg-f\u00f6r-steg-program inklusive s\u00e5rl\u00e4kningstips, kostplan, recept, ink\u00f6pslistor, sm\u00e4rtlindrande kr\u00e4m och kosttillskott som hj\u00e4lper dig att ta itu med k\u00e4llan till dina underliggande h\u00e4lsoproblem.<\/p>","protected":false},"featured_media":29590,"template":"","meta":{"_analytify_skip_tracking":false},"product_brand":[],"product_cat":[1782],"product_tag":[521,1809,1808,529,2193,1907],"woo-feed-brand":[],"class_list":{"0":"post-13751","1":"product","2":"type-product","3":"status-publish","4":"has-post-thumbnail","6":"product_cat-health-supplement-kits","7":"product_tag-astr-supplement","8":"product_tag-d3-vitamin","9":"product_tag-k2-vitamin","10":"product_tag-vitamin-c","11":"product_tag-wound-healing-supplements","12":"product_tag-zinc","13":"product_shipping_class-regular-shipping","15":"first","16":"instock","17":"sale","18":"taxable","19":"shipping-taxable","20":"purchasable","21":"product-type-simple"},"exclude_global_add_ons":[],"addons":[],"_links":{"self":[{"href":"https:\/\/advancedsofttissuerelease.com\/sv\/wp-json\/wp\/v2\/product\/13751","targetHints":{"allow":["GET"]}}],"collection":[{"href":"https:\/\/advancedsofttissuerelease.com\/sv\/wp-json\/wp\/v2\/product"}],"about":[{"href":"https:\/\/advancedsofttissuerelease.com\/sv\/wp-json\/wp\/v2\/types\/product"}],"version-history":[{"count":0,"href":"https:\/\/advancedsofttissuerelease.com\/sv\/wp-json\/wp\/v2\/product\/13751\/revisions"}],"wp:featuredmedia":[{"embeddable":true,"href":"https:\/\/advancedsofttissuerelease.com\/sv\/wp-json\/wp\/v2\/media\/29590"}],"wp:attachment":[{"href":"https:\/\/advancedsofttissuerelease.com\/sv\/wp-json\/wp\/v2\/media?parent=13751"}],"wp:term":[{"taxonomy":"product_brand","embeddable":true,"href":"https:\/\/advancedsofttissuerelease.com\/sv\/wp-json\/wp\/v2\/product_brand?post=13751"},{"taxonomy":"product_cat","embeddable":true,"href":"https:\/\/advancedsofttissuerelease.com\/sv\/wp-json\/wp\/v2\/product_cat?post=13751"},{"taxonomy":"product_tag","embeddable":true,"href":"https:\/\/advancedsofttissuerelease.com\/sv\/wp-json\/wp\/v2\/product_tag?post=13751"},{"taxonomy":"woo-feed-brand","embeddable":true,"href":"https:\/\/advancedsofttissuerelease.com\/sv\/wp-json\/wp\/v2\/woo-feed-brand?post=13751"}],"curies":[{"name":"wp","href":"https:\/\/api.w.org\/{rel}","templated":true}]}}