{"id":15431,"date":"2020-10-08T13:27:42","date_gmt":"2020-10-08T20:27:42","guid":{"rendered":"https:\/\/advancedsofttissuerelease.com\/?post_type=product&#038;p=15431"},"modified":"2024-11-06T12:08:02","modified_gmt":"2024-11-06T17:08:02","slug":"dhea-max-mikroniserad-2","status":"publish","type":"product","link":"https:\/\/advancedsofttissuerelease.com\/sv\/product\/dhea-max-micronized\/","title":{"rendered":"DHEA Max (mikroniserad)"},"content":{"rendered":"<h1><span style=\"font-size: 12pt;\">DHEA \u2013 Dehydroepiandrosteron \u2013 Max (mikroniserad)<\/span><\/h1>\n<ul>\n<li>Fr\u00e4mjar h\u00e4lsosam hormonbalans<\/li>\n<li>St\u00f6der hum\u00f6rreglering<\/li>\n<li>Balanserar stressresponssystemet<\/li>\n<li>F\u00f6rb\u00e4ttring av kortisol-till-DHEA-f\u00f6rh\u00e5llanden<\/li>\n<li>Uppr\u00e4tth\u00e5ller ett h\u00e4lsosamt \u00e5ldrande<\/li>\n<li>Uppr\u00e4tth\u00e5ller normal inflammatorisk balans<\/li>\n<li>St\u00f6der benh\u00e4lsa<\/li>\n<\/ul>\n<p><strong>INNEH\u00c5LLER INTE:\u00a0<\/strong>gluten, j\u00e4st, konstgjorda f\u00e4rger, konstgjorda smak\u00e4mnen.<\/p>\n<p style=\"text-align: center;\"><span style=\"font-size: 8pt;\">*Dessa uttalanden har inte utv\u00e4rderats av Food and Drug Administration. Denna produkt \u00e4r inte avsedd att diagnostisera, behandla, bota eller f\u00f6rebygga n\u00e5gon sjukdom.\u00a0<\/span><\/p>","protected":false},"excerpt":{"rendered":"<p>DHEA &#8211; Dehydroepiandrosterone &#8211; Max (Micronized) Promotes healthy hormonal balance Supports mood regulation Balances the stress response system Improving cortisol-to-DHEA ratios Maintains healthy aging Maintains normal inflammatory balance Supports bone health DOES NOT CONTAIN:\u00a0gluten, yeast , artificial colors, artificial flavors. *These statements have not been evaluated by the Food and Drug Administration. \u00a0This product is [&hellip;]<\/p>\n","protected":false},"featured_media":15435,"template":"","meta":{"_analytify_skip_tracking":false},"product_brand":[],"product_cat":[515],"product_tag":[629,521,1777,1779,1778],"woo-feed-brand":[],"class_list":{"0":"post-15431","1":"product","2":"type-product","3":"status-publish","4":"has-post-thumbnail","6":"product_cat-supplements","7":"product_tag-antioxidant","8":"product_tag-astr-supplement","9":"product_tag-deha-dehydroepiandrosterone","10":"product_tag-dhea","11":"product_tag-hormonal-balance","12":"product_shipping_class-regular-shipping","14":"first","15":"instock","16":"taxable","17":"shipping-taxable","18":"purchasable","19":"product-type-variable-subscription"},"exclude_global_add_ons":[],"addons":[],"_links":{"self":[{"href":"https:\/\/advancedsofttissuerelease.com\/sv\/wp-json\/wp\/v2\/product\/15431","targetHints":{"allow":["GET"]}}],"collection":[{"href":"https:\/\/advancedsofttissuerelease.com\/sv\/wp-json\/wp\/v2\/product"}],"about":[{"href":"https:\/\/advancedsofttissuerelease.com\/sv\/wp-json\/wp\/v2\/types\/product"}],"version-history":[{"count":0,"href":"https:\/\/advancedsofttissuerelease.com\/sv\/wp-json\/wp\/v2\/product\/15431\/revisions"}],"wp:featuredmedia":[{"embeddable":true,"href":"https:\/\/advancedsofttissuerelease.com\/sv\/wp-json\/wp\/v2\/media\/15435"}],"wp:attachment":[{"href":"https:\/\/advancedsofttissuerelease.com\/sv\/wp-json\/wp\/v2\/media?parent=15431"}],"wp:term":[{"taxonomy":"product_brand","embeddable":true,"href":"https:\/\/advancedsofttissuerelease.com\/sv\/wp-json\/wp\/v2\/product_brand?post=15431"},{"taxonomy":"product_cat","embeddable":true,"href":"https:\/\/advancedsofttissuerelease.com\/sv\/wp-json\/wp\/v2\/product_cat?post=15431"},{"taxonomy":"product_tag","embeddable":true,"href":"https:\/\/advancedsofttissuerelease.com\/sv\/wp-json\/wp\/v2\/product_tag?post=15431"},{"taxonomy":"woo-feed-brand","embeddable":true,"href":"https:\/\/advancedsofttissuerelease.com\/sv\/wp-json\/wp\/v2\/woo-feed-brand?post=15431"}],"curies":[{"name":"wp","href":"https:\/\/api.w.org\/{rel}","templated":true}]}}