{"id":1560,"date":"2019-01-09T21:30:29","date_gmt":"2019-01-10T05:30:29","guid":{"rendered":"https:\/\/advancedsofttissuerelease.com\/?post_type=product&#038;p=1560"},"modified":"2025-05-18T07:27:29","modified_gmt":"2025-05-18T11:27:29","slug":"privat-traning-2","status":"publish","type":"product","link":"https:\/\/advancedsofttissuerelease.com\/sv\/product\/private-training\/","title":{"rendered":"Privat tr\u00e4ning\u00a0"},"content":{"rendered":"<p><strong>ASTR Privat utbildning\u00a0<\/strong><\/p>\n<p>Om du vill f\u00e5 ytterligare praktiska instruktioner fr\u00e5n skaparen av ASTR, registrera dig idag! Detta \u00e4r ett utm\u00e4rkt tillf\u00e4lle att f\u00e5 omedelbar feedback och v\u00e4xa i din f\u00f6rst\u00e5else och till\u00e4mpning av ASTR-principerna.<\/p>\n<p>Vi har tv\u00e5 alternativ f\u00f6r privat tr\u00e4ning f\u00f6r din bekv\u00e4mlighet. V\u00e4lj ett av f\u00f6ljande alternativ:<\/p>\n<p>1. 1 timmes privat zoomsession<span class=\"Apple-converted-space\">\u00a0<\/span><\/p>\n<p>2. 1 hour private training in our office in Clermont, FL<\/p>\n<p>N\u00e4r du har betalat, v\u00e4nligen maila oss ditt val s\u00e5 att vi kan l\u00e4gga till dig i schemat.<span class=\"Apple-converted-space\">\u00a0<\/span><\/p>\n<p>Innan passet, se till att f\u00f6rbereda alla fr\u00e5gor du kan ha ang\u00e5ende ASTR:s kurs och ha dina verktyg med dig. F\u00f6r Skype-sessioner, v\u00e4nligen ha en partner tillg\u00e4nglig att tr\u00e4na med under sessionen.<\/p>","protected":false},"excerpt":{"rendered":"<p>ASTR Private Training\u00a0 If you would like to receive additional hands on instruction from the creator of ASTR, sign up today! \u00a0This is a great opportunity to receive instant feedback and grow in your understanding and application of ASTR principles. We have two options for private training for your convenience. Please choose one of the [&hellip;]<\/p>\n","protected":false},"featured_media":9846,"template":"","meta":{"_analytify_skip_tracking":false},"product_brand":[],"product_cat":[221],"product_tag":[256,386,389,259,248,253,255,283],"woo-feed-brand":[],"class_list":{"0":"post-1560","1":"product","2":"type-product","3":"status-publish","4":"has-post-thumbnail","6":"product_cat-provider-courses-tools","7":"product_tag-advanced-soft-tissue-release","8":"product_tag-astr-online-course","9":"product_tag-continue-education-course","10":"product_tag-iastm","11":"product_tag-instruments","12":"product_tag-massage-therapy","13":"product_tag-myofascial-release","14":"product_tag-soft-tissue-release-tool","15":"product_shipping_class-no-shipping","17":"first","18":"instock","19":"virtual","20":"purchasable","21":"product-type-simple"},"exclude_global_add_ons":[],"addons":[],"_links":{"self":[{"href":"https:\/\/advancedsofttissuerelease.com\/sv\/wp-json\/wp\/v2\/product\/1560","targetHints":{"allow":["GET"]}}],"collection":[{"href":"https:\/\/advancedsofttissuerelease.com\/sv\/wp-json\/wp\/v2\/product"}],"about":[{"href":"https:\/\/advancedsofttissuerelease.com\/sv\/wp-json\/wp\/v2\/types\/product"}],"version-history":[{"count":0,"href":"https:\/\/advancedsofttissuerelease.com\/sv\/wp-json\/wp\/v2\/product\/1560\/revisions"}],"wp:featuredmedia":[{"embeddable":true,"href":"https:\/\/advancedsofttissuerelease.com\/sv\/wp-json\/wp\/v2\/media\/9846"}],"wp:attachment":[{"href":"https:\/\/advancedsofttissuerelease.com\/sv\/wp-json\/wp\/v2\/media?parent=1560"}],"wp:term":[{"taxonomy":"product_brand","embeddable":true,"href":"https:\/\/advancedsofttissuerelease.com\/sv\/wp-json\/wp\/v2\/product_brand?post=1560"},{"taxonomy":"product_cat","embeddable":true,"href":"https:\/\/advancedsofttissuerelease.com\/sv\/wp-json\/wp\/v2\/product_cat?post=1560"},{"taxonomy":"product_tag","embeddable":true,"href":"https:\/\/advancedsofttissuerelease.com\/sv\/wp-json\/wp\/v2\/product_tag?post=1560"},{"taxonomy":"woo-feed-brand","embeddable":true,"href":"https:\/\/advancedsofttissuerelease.com\/sv\/wp-json\/wp\/v2\/woo-feed-brand?post=1560"}],"curies":[{"name":"wp","href":"https:\/\/api.w.org\/{rel}","templated":true}]}}