{"id":19429,"date":"2021-02-09T18:52:53","date_gmt":"2021-02-10T01:52:53","guid":{"rendered":"https:\/\/advancedsofttissuerelease.com\/?post_type=product&#038;p=19429"},"modified":"2025-09-23T20:16:05","modified_gmt":"2025-09-24T00:16:05","slug":"mild-inflammation-lindring-kit","status":"publish","type":"product","link":"https:\/\/advancedsofttissuerelease.com\/sv\/product\/mild-inflammation-relief-kit\/","title":{"rendered":"Mild Inflammation Relief Kit"},"content":{"rendered":"<h1><span style=\"font-size: 12pt; color: #333333;\"><strong>Mild Inflammation Relief Kit<\/strong><\/span><\/h1>\n<p><span style=\"color: #333333;\">I detta steg-f\u00f6r-steg-program kommer Dr. Jacobs att visa dig hur du snabbt och effektivt minskar inflammation genom att implementera ASTR:s antiinflammatoriska kost med v\u00e5rt antiinflammatoriska tillskottskit. Om du upplever kortvarig eller kronisk sm\u00e4rta, kommer detta kit att kickstarta din resa mot sm\u00e4rtlindring genom att snabbt minska m\u00e5ttlig till sv\u00e5r inflammation!<\/span><\/p>\n<p><span style=\"color: #333333;\"><strong>Mild Inflammation Relief Kit ing\u00e5r<\/strong><\/span><\/p>\n<ol>\n<li><span style=\"color: #333333;\">Magnesium aktiv<\/span><\/li>\n<li><span style=\"color: #333333;\">K2 &amp; D3 komplett<\/span><\/li>\n<li><span style=\"color: #333333;\">Turmeric Active<\/span><\/li>\n<li><span style=\"color: #333333;\">ASTR diet, including recipes<\/span><\/li>\n<\/ol>\n<p><span style=\"color: #0000ff;\"><a style=\"color: #0000ff;\" href=\"https:\/\/advancedsofttissuerelease.com\/sv\/produkt\/magnesiumaktivt-2\/\"><strong><span style=\"font-size: 12pt;\">Magnesium Active &gt;<\/span><\/strong><\/a><\/span><\/p>\n<ul>\n<li><span style=\"color: #333333;\">Ger 3 former av h\u00f6gabsorberat magnesium<\/span><\/li>\n<li><span style=\"color: #333333;\">H\u00f6gkoncentrerat magnesium f\u00f6r kardiovaskul\u00e4rt st\u00f6d<\/span><\/li>\n<li><span style=\"color: #333333;\">Magnesium spelar en avg\u00f6rande roll i hundratals metabola aktiviteter<\/span><\/li>\n<li><span style=\"color: #333333;\">Hj\u00e4lp till att uppr\u00e4tth\u00e5lla ett h\u00e4lsosamt blodtryck<\/span><\/li>\n<li><span style=\"color: #333333;\">Hj\u00e4lper till att uppr\u00e4tth\u00e5lla h\u00e4lsosamma glukosniv\u00e5er<\/span><\/li>\n<li><span style=\"color: #333333;\">Fr\u00e4mjar energiproduktion<\/span><\/li>\n<li><span style=\"color: #333333;\">Fr\u00e4mjar muskelavslappning<\/span><\/li>\n<li><span style=\"color: #333333;\">St\u00f6der muskelfunktion<\/span><\/li>\n<li><span style=\"color: #333333;\">St\u00f6d nervfunktionen<\/span><\/li>\n<\/ul>\n<p><span style=\"color: #0000ff;\"><a style=\"color: #0000ff;\" href=\"https:\/\/advancedsofttissuerelease.com\/sv\/produkt\/k2-d3-komplett-2\/\"><strong><span style=\"font-size: 12pt;\">K2 &amp; D3 komplett &gt;<\/span><\/strong><\/a><\/span><\/p>\n<ul>\n<li><span style=\"color: #333333;\">St\u00f6djer en h\u00e4lsosam blodcirkulation<\/span><\/li>\n<li><span style=\"color: #333333;\">Fr\u00e4mjar optimal benh\u00e4lsa<\/span><\/li>\n<li><span style=\"color: #333333;\">Fr\u00e4mjar korrekt kalciumlagring<\/span><\/li>\n<li><span style=\"color: #333333;\">Uppr\u00e4tth\u00e5ller en h\u00e4lsosam kardiometabolisk funktion<\/span><\/li>\n<li><span style=\"color: #333333;\">St\u00f6der arteriell elasticitet<\/span><\/li>\n<li><span style=\"color: #333333;\">\u00d6kar immunf\u00f6rsvaret<\/span><\/li>\n<li><span style=\"color: #333333;\">St\u00f6djer en h\u00e4lsosam kalciumbalans<\/span><\/li>\n<li><span style=\"color: #333333;\">St\u00f6der blodsockerbalansen\u00a0<\/span><\/li>\n<\/ul>\n<div class=\"page\" title=\"Sida 1\">\n<div class=\"section\">\n<div class=\"layoutArea\">\n<div class=\"column\">\n<p><span style=\"color: #333333;\">Aktuell forskning har funnit att h\u00f6gkoncentrationstillskott av K2, vid 180 mcg\/dag, resulterar i f\u00f6rb\u00e4ttrade kliniska resultat j\u00e4mf\u00f6rt med tillskott med l\u00e4gre dos*. K2 &amp; D3 komplett ger 180 mcg MenaQ7\u00ae PRO, den mest studerade formen av vitamin K2 som MK-7, tillsammans med 5 000 IE vitamin D3 f\u00f6r optimalt st\u00f6d f\u00f6r ben och kardiovaskul\u00e4r h\u00e4lsa.<\/span><\/p>\n<p><a href=\"https:\/\/advancedsofttissuerelease.com\/sv\/produkt\/infla-lattnad-2\/\"><span><span style=\"color: #0000ff;\"><span style=\"caret-color: #0000ff;\"><b><u>Turmeric Active<\/u><\/b><\/span><\/span><strong style=\"color: #0000ff;\"><span style=\"font-size: 12pt;\">&gt;<\/span><\/strong><\/span><\/a><\/p>\n<ul>\n<li>St\u00f6der ett h\u00e4lsosamt inflammatoriskt svar<\/li>\n<li>F\u00f6rb\u00e4ttra muskuloskeletala h\u00e4lsa<\/li>\n<li>Stolttar med ledh\u00e4lsa<\/li>\n<li>\u00d6kar ledr\u00f6relser<\/li>\n<li>\u00d6kar fysisk funktion<\/li>\n<li>F\u00f6rb\u00e4ttrar \u00e5terh\u00e4mtningstiden f\u00f6r tr\u00e4ningen<\/li>\n<\/ul>\n<\/div>\n<\/div>\n<\/div>\n<\/div>\n<p><strong><a href=\"https:\/\/advancedsofttissuerelease.com\/sv\/produkt\/smartlindring-kram\/\">Sm\u00e4rtlindrande kr\u00e4m &gt;<\/a><\/strong><\/p>\n<div class=\"page\" title=\"Sida 1\">\n<div class=\"section\">\n<p><strong>F\u00f6r vuxna &amp; barn<\/strong><\/p>\n<ul>\n<li>St\u00f6der lindring av muskel- och ledv\u00e4rk<\/li>\n<li>St\u00f6djer s\u00e5rl\u00e4kning<\/li>\n<li>St\u00f6der normal hud- och nagelh\u00e4lsa<\/li>\n<li>St\u00f6der ett h\u00e4lsosamt inflammatoriskt svar<\/li>\n<li>F\u00f6rb\u00e4ttrar muskuloskeletala h\u00e4lsa<\/li>\n<li>Stolttar med ledh\u00e4lsa<\/li>\n<li>\u00d6kar ledr\u00f6relser<\/li>\n<\/ul>\n<p><strong>Sm\u00e4rtlindrande kr\u00e4m anv\u00e4nds f\u00f6r:<\/strong><\/p>\n<ul>\n<li>Sm\u00e4rtstillande<\/li>\n<li>Minska inflammation<\/li>\n<li>Artrit<\/li>\n<li>S\u00e5rv\u00e5rd<\/li>\n<li>Eksem<\/li>\n<li>Acne<\/li>\n<li>Dermatit<\/li>\n<li>Psoriasis<\/li>\n<\/ul>\n<\/div>\n<\/div>\n<p style=\"text-align: center;\"><span style=\"font-size: 8pt; color: #333333;\">*Dessa uttalanden har inte utv\u00e4rderats av Food and Drug Administration. Denna produkt \u00e4r inte avsedd att diagnostisera, behandla, bota eller f\u00f6rebygga n\u00e5gon sjukdom.\u00a0<\/span><\/p>","protected":false},"excerpt":{"rendered":"<p><span class=\"\">Steg-f\u00f6r-steg-program inklusive tips f\u00f6r att lindra inflammation,\u00a0<\/span><span class=\"\">kostplan, <\/span><span class=\"\">recept, ink\u00f6pslistor och kosttillskott som hj\u00e4lper dig att ta itu med k\u00e4llan till dina underliggande h\u00e4lsoproblem.<\/span><\/p>","protected":false},"featured_media":15442,"template":"","meta":{"_analytify_skip_tracking":false},"product_brand":[],"product_cat":[1782],"product_tag":[1942,1789,1791,1792],"woo-feed-brand":[],"class_list":{"0":"post-19429","1":"product","2":"type-product","3":"status-publish","4":"has-post-thumbnail","6":"product_cat-health-supplement-kits","7":"product_tag-inflammation-relief","8":"product_tag-inflammation-supplements","9":"product_tag-k2-d3-complete","10":"product_tag-magnesium-active","11":"product_shipping_class-regular-shipping","13":"first","14":"instock","15":"sale","16":"taxable","17":"shipping-taxable","18":"purchasable","19":"product-type-simple"},"exclude_global_add_ons":false,"addons":[{"name":"Sm\u00e4rtlindrande kr\u00e4m f\u00f6r sm\u00e4rta, inflammation och p\u00e5skyndar l\u00e4kning","type":"checkbox","position":0,"required":true,"title_format":"heading","default":"","description_enable":false,"description":"","placeholder_enable":false,"placeholder":"","display":"select","restrictions_type":"any_text","adjust_price":false,"price":"","price_type":"flat_fee","restrictions":false,"min":"0","max":"0","options":[{"label":"Yes (save $10)","price":"49","price_type":"flat_fee","image":0,"visibility":true},{"label":"No","price":"","price_type":"flat_fee","image":0,"visibility":true}],"id":1723734606},{"name":"Do you own our tool kit? (A1, A2, A3, A4 & A5)","type":"multiple_choice","position":0,"required":true,"title_format":"heading","default":"","description_enable":false,"description":"","placeholder_enable":false,"placeholder":"","display":"radiobutton","restrictions_type":"any_text","adjust_price":false,"price":"","price_type":"flat_fee","restrictions":false,"min":"0","max":"0","options":[{"label":"Yes","price":"0","price_type":"flat_fee","image":0,"visibility":true},{"label":"No","price":"399","price_type":"flat_fee","image":0,"visibility":true}]}],"_links":{"self":[{"href":"https:\/\/advancedsofttissuerelease.com\/sv\/wp-json\/wp\/v2\/product\/19429","targetHints":{"allow":["GET"]}}],"collection":[{"href":"https:\/\/advancedsofttissuerelease.com\/sv\/wp-json\/wp\/v2\/product"}],"about":[{"href":"https:\/\/advancedsofttissuerelease.com\/sv\/wp-json\/wp\/v2\/types\/product"}],"version-history":[{"count":0,"href":"https:\/\/advancedsofttissuerelease.com\/sv\/wp-json\/wp\/v2\/product\/19429\/revisions"}],"wp:featuredmedia":[{"embeddable":true,"href":"https:\/\/advancedsofttissuerelease.com\/sv\/wp-json\/wp\/v2\/media\/15442"}],"wp:attachment":[{"href":"https:\/\/advancedsofttissuerelease.com\/sv\/wp-json\/wp\/v2\/media?parent=19429"}],"wp:term":[{"taxonomy":"product_brand","embeddable":true,"href":"https:\/\/advancedsofttissuerelease.com\/sv\/wp-json\/wp\/v2\/product_brand?post=19429"},{"taxonomy":"product_cat","embeddable":true,"href":"https:\/\/advancedsofttissuerelease.com\/sv\/wp-json\/wp\/v2\/product_cat?post=19429"},{"taxonomy":"product_tag","embeddable":true,"href":"https:\/\/advancedsofttissuerelease.com\/sv\/wp-json\/wp\/v2\/product_tag?post=19429"},{"taxonomy":"woo-feed-brand","embeddable":true,"href":"https:\/\/advancedsofttissuerelease.com\/sv\/wp-json\/wp\/v2\/woo-feed-brand?post=19429"}],"curies":[{"name":"wp","href":"https:\/\/api.w.org\/{rel}","templated":true}]}}