{"id":2671,"date":"2019-02-04T18:37:51","date_gmt":"2019-02-05T01:37:51","guid":{"rendered":"https:\/\/advancedsofttissuerelease.com\/?post_type=product&#038;p=2671"},"modified":"2026-01-16T14:59:53","modified_gmt":"2026-01-16T19:59:53","slug":"astr-medlemskapscertifiering-2","status":"publish","type":"product","link":"https:\/\/advancedsofttissuerelease.com\/sv\/product\/astr-membership-certification\/","title":{"rendered":"ASTR-medlemskap och certifiering"},"content":{"rendered":"<h1 style=\"text-align: center;\"><span style=\"color: #000000;\"><b>\u00c5rlig leverant\u00f6rsprenumeration:<\/b><\/span><\/h1>\n<h2><span style=\"color: #000000;\"><b>Varf\u00f6r bli medlem?<\/b><\/span><\/h2>\n<p>ASTR:s specialitet \u00e4r dynamisk och f\u00f6r\u00e4ndras st\u00e4ndigt och avancerar f\u00f6r att b\u00e4ttre m\u00f6ta samh\u00e4llets behov av snabb, icke-invasiv, l\u00e5ngvarig sm\u00e4rtlindring.<\/p>\n<p>P\u00e5 ASTR arbetar v\u00e5rt team outtr\u00f6ttligt f\u00f6r att beh\u00e5lla sin position som den mest banbrytande specialiteten inom h\u00e4lsov\u00e5rdsbranschen. Genom forskning och experiment utvecklar v\u00e5rt team st\u00e4ndigt nya teorier, metoder, verktyg och enheter s\u00e5 att v\u00e5rdgivare kan l\u00e4ra sig de snabbaste och mest effektiva metoderna f\u00f6r att behandla patientens sm\u00e4rta.<\/p>\n<h2><span style=\"color: #000000;\"><b>F\u00f6rdelar med \u00e5rligt medlemskap:<\/b><\/span><\/h2>\n<ul>\n<li>Tillg\u00e5ng till ASTR:s fullst\u00e4ndiga onlinekurs: videor, formul\u00e4r, protokoll och \u00e5h\u00f6rarkopior<\/li>\n<li>Tillg\u00e5ng till nya produkter, forskning och protokoll<\/li>\n<li>Tillg\u00e5ng till 18,5 \u2013 27 CEU per \u00e5r<\/li>\n<li>F\u00e5 extra rabatter <strong>upp till 15% av<\/strong> f\u00f6r ink\u00f6p av ASTR-produkter s\u00e5som: verktyg, apparater, till\u00e4gg, kurser m.m.<\/li>\n<\/ul>\n<h2><span style=\"color: #000000;\"><b>F\u00f6rdelar med certifiering:<\/b><\/span><\/h2>\n<ul>\n<li>Du kommer att kunna anv\u00e4nda ASTR:s titel bredvid ditt namn.<\/li>\n<li>Du kommer att kunna marknadsf\u00f6ra att du \u00e4r certifierad i ASTR.<\/li>\n<li>Du f\u00e5r ett ASTR-v\u00e4ggcertifikat att visa upp p\u00e5 din klinik.<\/li>\n<\/ul>\n<h2><span style=\"color: #000000;\"><b>F\u00f6ruts\u00e4ttningar:<\/b><\/span><\/h2>\n<p style=\"padding-left: 40px;\"><span style=\"color: #000000;\"><b>Medlemskap<\/b>:<\/span> Tidigare k\u00f6p av ASTR full onlinekurs eller deltagit i fysisk kurs och k\u00f6pt verktygsupps\u00e4ttning.<\/p>\n<p style=\"padding-left: 40px;\"><span style=\"color: #000000;\"><b>Certifiering<\/b>:<\/span><\/p>\n<ul>\n<li style=\"list-style-type: none;\">\n<ul>\n<li>Tidigare k\u00f6p av komplett verktygssats och MagnaHeal<\/li>\n<li>Genomf\u00f6rt och klarat ASTR:s fullst\u00e4ndiga kurstestning<\/li>\n<li>G\u00e5tt p\u00e5 den fysiska kursen eller f\u00e5tt <a href=\"https:\/\/advancedsofttissuerelease.com\/sv\/produkt\/privat-traning-2\/\"><span style=\"color: #0000ff;\">1 timme<\/span> <\/a><a href=\"https:\/\/advancedsofttissuerelease.com\/sv\/produkt\/privat-traning-2\/\"><span style=\"color: #0000ff;\">privat tr\u00e4ning &gt;<\/span><\/a><\/li>\n<li><span style=\"color: #0000ff;\"><a style=\"color: #0000ff;\" href=\"https:\/\/advancedsofttissuerelease.com\/sv\/vad-ar-astr-leverantor-2\/behorighet-2\/\" target=\"_blank\" rel=\"noopener\">Krav &gt;<\/a><\/span><\/li>\n<\/ul>\n<\/li>\n<\/ul>","protected":false},"excerpt":{"rendered":"<p>Annual Provider Subscription: Why Become a Member? ASTR\u2019s specialty is dynamic and is constantly changing and advancing to better meet society&#8217;s need for fast, non-invasive, long-term pain relief. At ASTR, our team works tirelessly to maintain its position as the most cutting-edge specialty in the healthcare industry. Through research and experimentation, our team is constantly [&hellip;]<\/p>\n","protected":false},"featured_media":3330,"template":"","meta":{"_analytify_skip_tracking":false},"product_brand":[],"product_cat":[221],"product_tag":[256,386,414,388,389,2010,387,247],"woo-feed-brand":[],"class_list":{"0":"post-2671","1":"product","2":"type-product","3":"status-publish","4":"has-post-thumbnail","6":"product_cat-provider-courses-tools","7":"product_tag-advanced-soft-tissue-release","8":"product_tag-astr-online-course","9":"product_tag-astr-tools","10":"product_tag-ceus","11":"product_tag-continue-education-course","12":"product_tag-diy-home-pain-relief","13":"product_tag-online-certification","14":"product_tag-online-courses","15":"product_shipping_class-no-shipping","17":"first","18":"instock","19":"featured","20":"purchasable","21":"product-type-variable-subscription"},"exclude_global_add_ons":[],"addons":[],"_links":{"self":[{"href":"https:\/\/advancedsofttissuerelease.com\/sv\/wp-json\/wp\/v2\/product\/2671","targetHints":{"allow":["GET"]}}],"collection":[{"href":"https:\/\/advancedsofttissuerelease.com\/sv\/wp-json\/wp\/v2\/product"}],"about":[{"href":"https:\/\/advancedsofttissuerelease.com\/sv\/wp-json\/wp\/v2\/types\/product"}],"version-history":[{"count":0,"href":"https:\/\/advancedsofttissuerelease.com\/sv\/wp-json\/wp\/v2\/product\/2671\/revisions"}],"wp:featuredmedia":[{"embeddable":true,"href":"https:\/\/advancedsofttissuerelease.com\/sv\/wp-json\/wp\/v2\/media\/3330"}],"wp:attachment":[{"href":"https:\/\/advancedsofttissuerelease.com\/sv\/wp-json\/wp\/v2\/media?parent=2671"}],"wp:term":[{"taxonomy":"product_brand","embeddable":true,"href":"https:\/\/advancedsofttissuerelease.com\/sv\/wp-json\/wp\/v2\/product_brand?post=2671"},{"taxonomy":"product_cat","embeddable":true,"href":"https:\/\/advancedsofttissuerelease.com\/sv\/wp-json\/wp\/v2\/product_cat?post=2671"},{"taxonomy":"product_tag","embeddable":true,"href":"https:\/\/advancedsofttissuerelease.com\/sv\/wp-json\/wp\/v2\/product_tag?post=2671"},{"taxonomy":"woo-feed-brand","embeddable":true,"href":"https:\/\/advancedsofttissuerelease.com\/sv\/wp-json\/wp\/v2\/woo-feed-brand?post=2671"}],"curies":[{"name":"wp","href":"https:\/\/api.w.org\/{rel}","templated":true}]}}