{"id":29259,"date":"2021-09-23T17:09:02","date_gmt":"2021-09-23T23:09:02","guid":{"rendered":"https:\/\/advancedsofttissuerelease.com\/?post_type=product&#038;p=29259"},"modified":"2024-10-05T12:08:17","modified_gmt":"2024-10-05T16:08:17","slug":"har-hud-nagel-halsa-kit-2","status":"publish","type":"product","link":"https:\/\/advancedsofttissuerelease.com\/sv\/product\/hair-skin-nail-health-kit\/","title":{"rendered":"H\u00e4lsosats f\u00f6r h\u00e5r, hud och naglar"},"content":{"rendered":"<h1><span style=\"color: #333333;\"><strong>H\u00e4lsosats f\u00f6r h\u00e5r, hud och naglar<\/strong><\/span><\/h1>\n<p>I detta steg-f\u00f6r-steg-program kommer Dr. Jacobs att visa dig hur du snabbt och effektivt implementerar ASTR:s diet med v\u00e5rt H\u00e5r-, hud- och nagelh\u00e4lsokit f\u00f6r friskt h\u00e5r, hud och naglar. Om du vill beh\u00e5lla optimal h\u00e4lsa \u00e4r detta kit en bra start!<\/p>\n<p><span style=\"color: #333333;\"><strong>H\u00e5r-, hud- och nagelh\u00e4lsosats ing\u00e5r<\/strong><\/span><\/p>\n<ol>\n<li>Kollagen aktiv<\/li>\n<li>Omega Active<\/li>\n<li>B Aktiv<\/li>\n<li><span style=\"color: #333333;\">Antiinflammatorisk kost, inklusive recept<\/span><\/li>\n<\/ol>\n<p><span style=\"color: #0000ff;\"><a style=\"color: #0000ff;\" href=\"https:\/\/advancedsofttissuerelease.com\/sv\/produkt\/kollagen-aktiv\/\"><strong>Kollagen aktivt &gt;<\/strong><\/a><\/span><\/p>\n<ul>\n<li>St\u00f6der processen f\u00f6r sj\u00e4lvreparation av brosk<\/li>\n<li>St\u00f6der processen f\u00f6r sj\u00e4lvreparation av senor<\/li>\n<li>St\u00f6der processen f\u00f6r sj\u00e4lvreparation av ligament<\/li>\n<li>St\u00f6der processen f\u00f6r sj\u00e4lvreparation av fascia<\/li>\n<li>St\u00f6der friskt h\u00e5r<\/li>\n<li>St\u00f6der frisk hud<\/li>\n<li>St\u00f6djer friska naglar<\/li>\n<li>St\u00f6der ledsm\u00f6rjning<\/li>\n<li>St\u00f6der ledd\u00e4mpning<\/li>\n<li>Fr\u00e4mjar bindv\u00e4vsbiosyntes<\/li>\n<\/ul>\n<div class=\"page\" title=\"Sida 1\">\n<div class=\"section\">\n<div class=\"layoutArea\">\n<div class=\"column\">\n<p>Kollagen \u00e4r en avg\u00f6rande del av hud, h\u00e5r, naglar, leder och bindv\u00e4v. Kollagen Aktivt inneh\u00e5ll: vitamin c, magnesium, typ 1 kollagen, hyaluronsyra, gelatinhydrolysat. Kollagen aktivt st\u00f6djer frisk brosk, senor, ligament, fascia och ledfunktion.<\/p>\n<p><span style=\"color: #0000ff;\"><a style=\"color: #0000ff;\" href=\"https:\/\/advancedsofttissuerelease.com\/sv\/produkt\/omega-aktiva-2\/\"><strong><span style=\"font-size: 12pt;\">Omega Active &gt;<\/span><\/strong><\/a><\/span><\/p>\n<ul>\n<li>St\u00f6der kardiovaskul\u00e4r h\u00e4lsa<\/li>\n<li>St\u00f6djer blodsockermetabolismen<\/li>\n<li>St\u00f6der kognitiv funktion<\/li>\n<li>St\u00f6der kognitiv utveckling<\/li>\n<li>St\u00f6der frisk hud<\/li>\n<li>St\u00f6djer friska leder<\/li>\n<li>St\u00f6der friska bindv\u00e4v<\/li>\n<li>\u00d6kar visuell och okul\u00e4r h\u00e4lsa<\/li>\n<li>Uppr\u00e4tth\u00e5ller normal inflammatorisk balans<\/li>\n<\/ul>\n<\/div>\n<\/div>\n<\/div>\n<\/div>\n<p><span style=\"color: #0000ff;\"><a style=\"color: #0000ff;\" href=\"https:\/\/advancedsofttissuerelease.com\/sv\/produkt\/b-aktiv-2\/\"><strong>B Aktiv &gt;<\/strong><\/a><\/span><\/p>\n<ul>\n<li>St\u00f6der kolhydratmetabolism<\/li>\n<li>St\u00f6djer nervsystemets funktion<\/li>\n<li>St\u00f6der binjuresystemets funktion<\/li>\n<li>St\u00f6djer immunsystemets funktion<\/li>\n<li>St\u00f6der kardiovaskul\u00e4r h\u00e4lsa<\/li>\n<li>Skyddar mot kostbrister<\/li>\n<li>Skyddar mot stressinducerad n\u00e4ringsutarmning<\/li>\n<li>St\u00f6djer h\u00e4lsosam mental funktion och hum\u00f6r<\/li>\n<\/ul>\n<p><strong><a href=\"https:\/\/advancedsofttissuerelease.com\/sv\/produkt\/smartlindring-kram\/\">Sm\u00e4rtlindrande kr\u00e4m &gt;<\/a><\/strong><\/p>\n<div class=\"page\" title=\"Sida 1\">\n<div class=\"section\">\n<p><strong>F\u00f6r vuxna &amp; barn<\/strong><\/p>\n<ul>\n<li>St\u00f6der lindring av muskel- och ledv\u00e4rk<\/li>\n<li>St\u00f6djer s\u00e5rl\u00e4kning<\/li>\n<li>St\u00f6der normal hud- och nagelh\u00e4lsa<\/li>\n<li>St\u00f6der ett h\u00e4lsosamt inflammatoriskt svar<\/li>\n<li>F\u00f6rb\u00e4ttrar muskuloskeletala h\u00e4lsa<\/li>\n<li>Stolttar med ledh\u00e4lsa<\/li>\n<li>\u00d6kar ledr\u00f6relser<\/li>\n<\/ul>\n<p><strong>Sm\u00e4rtlindrande kr\u00e4m anv\u00e4nds f\u00f6r:<\/strong><\/p>\n<ul>\n<li>Sm\u00e4rtstillande<\/li>\n<li>Minska inflammation<\/li>\n<li>Artrit<\/li>\n<li>S\u00e5rv\u00e5rd<\/li>\n<li>Eksem<\/li>\n<li>Acne<\/li>\n<li>Dermatit<\/li>\n<li>Psoriasis<\/li>\n<\/ul>\n<\/div>\n<\/div>\n<p>ASTR B Active Supplement hj\u00e4lper till att st\u00f6dja kolhydratmetabolism, nerv\/binjure\/immunsystem, kardiovaskul\u00e4r h\u00e4lsa och h\u00e4lsosam mental funktion och hum\u00f6r. B Active inneh\u00e5ller hela spektrumet av B-vitaminer; aktiverade former av B2, B6 och B12; och folat.*<\/p>\n<div class=\"page\" title=\"Sida 1\">\n<div class=\"section\">\n<div class=\"layoutArea\">\n<div class=\"column\">\n<p>&nbsp;<\/p>\n<\/div>\n<\/div>\n<\/div>\n<\/div>\n<p style=\"text-align: center;\"><span style=\"font-size: 8pt; color: #333333;\">*Dessa uttalanden har inte utv\u00e4rderats av Food and Drug Administration. Denna produkt \u00e4r inte avsedd att diagnostisera, behandla, bota eller f\u00f6rebygga n\u00e5gon sjukdom.\u00a0<\/span><\/p>","protected":false},"excerpt":{"rendered":"<p>Steg-f\u00f6r-steg-program inklusive tips, kostplan, recept, ink\u00f6pslistor och kosttillskott som hj\u00e4lper dig att ta itu med k\u00e4llan till dina underliggande h\u00e4lsoproblem.<\/p>","protected":false},"featured_media":36737,"template":"","meta":{"_analytify_skip_tracking":false},"product_brand":[],"product_cat":[1782],"product_tag":[2321,2322,2323,2324],"woo-feed-brand":[],"class_list":{"0":"post-29259","1":"product","2":"type-product","3":"status-publish","4":"has-post-thumbnail","6":"product_cat-health-supplement-kits","7":"product_tag-hair","8":"product_tag-skin-nail-health","9":"product_tag-skin-nail-supplements","10":"product_tag-skin-nail-vitmains","11":"product_shipping_class-regular-shipping","13":"first","14":"instock","15":"sale","16":"taxable","17":"shipping-taxable","18":"purchasable","19":"product-type-simple"},"exclude_global_add_ons":false,"addons":[{"name":"Pain Relief Cream for skin & nail health","type":"checkbox","position":0,"required":true,"title_format":"heading","default":"","description_enable":false,"description":"","placeholder_enable":false,"placeholder":"","display":"select","restrictions_type":"any_text","adjust_price":false,"price":"","price_type":"flat_fee","restrictions":false,"min":"0","max":"0","options":[{"label":"Yes (save $10)","price":"39","price_type":"flat_fee","image":0,"visibility":true},{"label":"No","price":"","price_type":"flat_fee","image":0,"visibility":true}],"id":1723734336},{"name":"Do you own our tool kit? (A1, A2, A3, A4 & A5)","type":"multiple_choice","position":0,"required":true,"title_format":"heading","default":"","description_enable":false,"description":"","placeholder_enable":false,"placeholder":"","display":"radiobutton","restrictions_type":"any_text","adjust_price":false,"price":"","price_type":"flat_fee","restrictions":false,"min":"0","max":"0","options":[{"label":"Yes","price":"0","price_type":"flat_fee","image":0,"visibility":true},{"label":"No","price":"399","price_type":"flat_fee","image":0,"visibility":true}]}],"_links":{"self":[{"href":"https:\/\/advancedsofttissuerelease.com\/sv\/wp-json\/wp\/v2\/product\/29259","targetHints":{"allow":["GET"]}}],"collection":[{"href":"https:\/\/advancedsofttissuerelease.com\/sv\/wp-json\/wp\/v2\/product"}],"about":[{"href":"https:\/\/advancedsofttissuerelease.com\/sv\/wp-json\/wp\/v2\/types\/product"}],"version-history":[{"count":0,"href":"https:\/\/advancedsofttissuerelease.com\/sv\/wp-json\/wp\/v2\/product\/29259\/revisions"}],"wp:featuredmedia":[{"embeddable":true,"href":"https:\/\/advancedsofttissuerelease.com\/sv\/wp-json\/wp\/v2\/media\/36737"}],"wp:attachment":[{"href":"https:\/\/advancedsofttissuerelease.com\/sv\/wp-json\/wp\/v2\/media?parent=29259"}],"wp:term":[{"taxonomy":"product_brand","embeddable":true,"href":"https:\/\/advancedsofttissuerelease.com\/sv\/wp-json\/wp\/v2\/product_brand?post=29259"},{"taxonomy":"product_cat","embeddable":true,"href":"https:\/\/advancedsofttissuerelease.com\/sv\/wp-json\/wp\/v2\/product_cat?post=29259"},{"taxonomy":"product_tag","embeddable":true,"href":"https:\/\/advancedsofttissuerelease.com\/sv\/wp-json\/wp\/v2\/product_tag?post=29259"},{"taxonomy":"woo-feed-brand","embeddable":true,"href":"https:\/\/advancedsofttissuerelease.com\/sv\/wp-json\/wp\/v2\/woo-feed-brand?post=29259"}],"curies":[{"name":"wp","href":"https:\/\/api.w.org\/{rel}","templated":true}]}}