{"id":2993,"date":"2019-02-28T23:48:55","date_gmt":"2019-03-01T07:48:55","guid":{"rendered":"https:\/\/advancedsofttissuerelease.com\/?post_type=product&#038;p=2993"},"modified":"2024-11-06T12:13:38","modified_gmt":"2024-11-06T17:13:38","slug":"coq-10-aktiv","status":"publish","type":"product","link":"https:\/\/advancedsofttissuerelease.com\/sv\/product\/coq-10-active\/","title":{"rendered":"CoQ 10 aktiv"},"content":{"rendered":"<h1>CoQ 10 aktiv<\/h1>\n<ul>\n<li>St\u00f6der naturlig energigenerering<\/li>\n<li>St\u00f6der mitokondriell funktion<\/li>\n<li>St\u00f6djer plasma- och v\u00e4vnadsh\u00e4lsan<\/li>\n<li>St\u00f6der h\u00e4lsa och funktion av det kardiovaskul\u00e4ra systemet<\/li>\n<li>St\u00f6der neuromuskul\u00e4r h\u00e4lsa<\/li>\n<li>St\u00f6djer centrala nervsystemets funktion<\/li>\n<\/ul>\n<p>ASTR CoQ 10 Active Supplement st\u00f6der naturlig energigenerering och mitokondriell h\u00e4lsa, h\u00e4lsosam funktion av det kardiovaskul\u00e4ra systemet och neuromuskul\u00e4ra och centrala nervsystems h\u00e4lsa. ASTR CoQ 10 har kliniskt visat sig vara mer absorberbar f\u00f6r optimal anv\u00e4ndning f\u00f6r att st\u00f6dja kardiovaskul\u00e4ra och energibaserade h\u00e4lsobehov.*<\/p>\n<p><strong>INNEH\u00c5LLER INTE:<\/strong>\u00a0gluten, konstgjorda f\u00e4rg\u00e4mnen, konstgjorda s\u00f6tningsmedel eller konstgjorda konserveringsmedel.<\/p>\n<p style=\"text-align: center;\"><span style=\"font-size: 8pt;\">*Dessa uttalanden har inte utv\u00e4rderats av Food and Drug Administration. Denna produkt \u00e4r inte avsedd att diagnostisera, behandla, bota eller f\u00f6rebygga n\u00e5gon sjukdom.\u00a0<\/span><\/p>","protected":false},"excerpt":{"rendered":"<p>CoQ 10 Active Supports natural energy generation Supports mitochondrial functioning Supports plasma and tissue health Supports health and functioning of the cardiovascular system Supports neuromuscular health Supports central nervous system functioning ASTR CoQ 10 Active Supplement supports natural energy generation and mitochondrial health, healthy functioning of the cardiovascular system, and neuromuscular and central nervous system [&hellip;]<\/p>\n","protected":false},"featured_media":10124,"template":"","meta":{"_analytify_skip_tracking":false},"product_brand":[],"product_cat":[515],"product_tag":[521,535,1832,604,605,609,606,607],"woo-feed-brand":[],"class_list":{"0":"post-2993","1":"product","2":"type-product","3":"status-publish","4":"has-post-thumbnail","6":"product_cat-supplements","7":"product_tag-astr-supplement","8":"product_tag-cardiovascular-system","9":"product_tag-coenzyme-10","10":"product_tag-coq-10","11":"product_tag-energy","12":"product_tag-energy-generation","13":"product_tag-mitochondria","14":"product_tag-neuromuscular","15":"product_shipping_class-regular-shipping","17":"first","18":"instock","19":"taxable","20":"shipping-taxable","21":"purchasable","22":"product-type-variable-subscription"},"exclude_global_add_ons":[],"addons":[],"_links":{"self":[{"href":"https:\/\/advancedsofttissuerelease.com\/sv\/wp-json\/wp\/v2\/product\/2993","targetHints":{"allow":["GET"]}}],"collection":[{"href":"https:\/\/advancedsofttissuerelease.com\/sv\/wp-json\/wp\/v2\/product"}],"about":[{"href":"https:\/\/advancedsofttissuerelease.com\/sv\/wp-json\/wp\/v2\/types\/product"}],"version-history":[{"count":0,"href":"https:\/\/advancedsofttissuerelease.com\/sv\/wp-json\/wp\/v2\/product\/2993\/revisions"}],"wp:featuredmedia":[{"embeddable":true,"href":"https:\/\/advancedsofttissuerelease.com\/sv\/wp-json\/wp\/v2\/media\/10124"}],"wp:attachment":[{"href":"https:\/\/advancedsofttissuerelease.com\/sv\/wp-json\/wp\/v2\/media?parent=2993"}],"wp:term":[{"taxonomy":"product_brand","embeddable":true,"href":"https:\/\/advancedsofttissuerelease.com\/sv\/wp-json\/wp\/v2\/product_brand?post=2993"},{"taxonomy":"product_cat","embeddable":true,"href":"https:\/\/advancedsofttissuerelease.com\/sv\/wp-json\/wp\/v2\/product_cat?post=2993"},{"taxonomy":"product_tag","embeddable":true,"href":"https:\/\/advancedsofttissuerelease.com\/sv\/wp-json\/wp\/v2\/product_tag?post=2993"},{"taxonomy":"woo-feed-brand","embeddable":true,"href":"https:\/\/advancedsofttissuerelease.com\/sv\/wp-json\/wp\/v2\/woo-feed-brand?post=2993"}],"curies":[{"name":"wp","href":"https:\/\/api.w.org\/{rel}","templated":true}]}}