{"id":3058,"date":"2019-03-07T22:19:07","date_gmt":"2019-03-08T06:19:07","guid":{"rendered":"https:\/\/advancedsofttissuerelease.com\/?post_type=product&#038;p=3058"},"modified":"2024-11-06T21:33:22","modified_gmt":"2024-11-07T02:33:22","slug":"enzymer","status":"publish","type":"product","link":"https:\/\/advancedsofttissuerelease.com\/sv\/product\/enzymes\/","title":{"rendered":"Enzymer"},"content":{"rendered":"<h1>Enzymer<\/h1>\n<ul>\n<li>St\u00f6djer h\u00e4lsosam matsm\u00e4ltning av makron\u00e4rings\u00e4mnen<\/li>\n<li>F\u00f6rb\u00e4ttrar n\u00e4ringsupptaget<\/li>\n<li>St\u00f6djer nedbrytningen av polysackarider<\/li>\n<li>St\u00f6djer bukspottk\u00f6rtelns funktion<\/li>\n<li>St\u00f6djer nedbrytningen av laktos<\/li>\n<\/ul>\n<p>ASTR Enzymes Supplements st\u00f6djer b\u00e5de h\u00e4lsosam matsm\u00e4ltning och absorption av makron\u00e4rings\u00e4mnen. Enzymer \u00e4r designade f\u00f6r att hj\u00e4lpa matsm\u00e4ltningen av fett, protein, kolhydrater, fibrer och laktos. ASTR skapade enzymer med hj\u00e4lp av en myriad av olika viktiga matsm\u00e4ltningsenzymer f\u00f6r att fungera inom ett brett pH-intervall.*<\/p>\n<p><strong>INNEH\u00c5LLER INTE:<\/strong>\u00a0 gluten, konstgjorda f\u00e4rg\u00e4mnen, konstgjorda konserveringsmedel eller konstgjorda s\u00f6tningsmedel.<\/p>\n<p style=\"text-align: center;\"><span style=\"font-size: 8pt;\">*Dessa uttalanden har inte utv\u00e4rderats av Food and Drug Administration. Denna produkt \u00e4r inte avsedd att diagnostisera, behandla, bota eller f\u00f6rebygga n\u00e5gon sjukdom.\u00a0<\/span><\/p>","protected":false},"excerpt":{"rendered":"<p>Enzymes Supports healthy digestion of macronutrients Enhances nutrient absorption Supports the breakdown of polysaccharides Supports pancreatic functioning Supports the breakdown of lactose The ASTR Enzymes Supplements supports both healthy digestion and absorption of macronutrients. Enzymes is designed to assist the digestion of fat, protein, carbohydrate, fiber, and lactose. ASTR created Enzymes using a myriad of [&hellip;]<\/p>\n","protected":false},"featured_media":10312,"template":"","meta":{"_analytify_skip_tracking":false},"product_brand":[],"product_cat":[515],"product_tag":[646,521,645,2209,644,648],"woo-feed-brand":[],"class_list":{"0":"post-3058","1":"product","2":"type-product","3":"status-publish","4":"has-post-thumbnail","6":"product_cat-supplements","7":"product_tag-absorption","8":"product_tag-astr-supplement","9":"product_tag-digestion","10":"product_tag-digestive-enzymes","11":"product_tag-enzymes","12":"product_tag-ph","13":"product_shipping_class-regular-shipping","15":"first","16":"instock","17":"taxable","18":"shipping-taxable","19":"purchasable","20":"product-type-variable-subscription"},"exclude_global_add_ons":[],"addons":[],"_links":{"self":[{"href":"https:\/\/advancedsofttissuerelease.com\/sv\/wp-json\/wp\/v2\/product\/3058","targetHints":{"allow":["GET"]}}],"collection":[{"href":"https:\/\/advancedsofttissuerelease.com\/sv\/wp-json\/wp\/v2\/product"}],"about":[{"href":"https:\/\/advancedsofttissuerelease.com\/sv\/wp-json\/wp\/v2\/types\/product"}],"version-history":[{"count":0,"href":"https:\/\/advancedsofttissuerelease.com\/sv\/wp-json\/wp\/v2\/product\/3058\/revisions"}],"wp:featuredmedia":[{"embeddable":true,"href":"https:\/\/advancedsofttissuerelease.com\/sv\/wp-json\/wp\/v2\/media\/10312"}],"wp:attachment":[{"href":"https:\/\/advancedsofttissuerelease.com\/sv\/wp-json\/wp\/v2\/media?parent=3058"}],"wp:term":[{"taxonomy":"product_brand","embeddable":true,"href":"https:\/\/advancedsofttissuerelease.com\/sv\/wp-json\/wp\/v2\/product_brand?post=3058"},{"taxonomy":"product_cat","embeddable":true,"href":"https:\/\/advancedsofttissuerelease.com\/sv\/wp-json\/wp\/v2\/product_cat?post=3058"},{"taxonomy":"product_tag","embeddable":true,"href":"https:\/\/advancedsofttissuerelease.com\/sv\/wp-json\/wp\/v2\/product_tag?post=3058"},{"taxonomy":"woo-feed-brand","embeddable":true,"href":"https:\/\/advancedsofttissuerelease.com\/sv\/wp-json\/wp\/v2\/woo-feed-brand?post=3058"}],"curies":[{"name":"wp","href":"https:\/\/api.w.org\/{rel}","templated":true}]}}