{"id":37804,"date":"2022-04-25T11:56:52","date_gmt":"2022-04-25T17:56:52","guid":{"rendered":"https:\/\/advancedsofttissuerelease.com\/?post_type=product&#038;p=37804"},"modified":"2024-10-05T12:08:17","modified_gmt":"2024-10-05T16:08:17","slug":"fertilitetsstod-kit-2","status":"publish","type":"product","link":"https:\/\/advancedsofttissuerelease.com\/sv\/product\/fertility-support-kit\/","title":{"rendered":"Fertilitetsst\u00f6dsats"},"content":{"rendered":"<h1><span style=\"font-size: 12pt; color: #333333;\"><strong>Fertility Support Supplement Kit<\/strong><\/span><\/h1>\n<p>I detta steg-f\u00f6r-steg-program kommer Dr. Jacobs att visa dig hur du snabbt och effektivt implementerar ASTR:s diet med v\u00e5rt fertilitetsst\u00f6dstillskottskit f\u00f6r optimalt fertilitetsst\u00f6d f\u00f6r m\u00e4n och kvinnor. Om du vill beh\u00e5lla optimal h\u00e4lsa och fertilitet \u00e4r detta kit en bra start!<\/p>\n<h2><span style=\"color: #333333;\"><strong>Fertilitetsst\u00f6dstill\u00e4ggssats ing\u00e5r<\/strong><\/span><\/h2>\n<ol>\n<li><span style=\"color: #333333;\">B Aktiv<\/span><\/li>\n<li>Coq 10 Active<\/li>\n<li>K2 &amp; D3 komplett<\/li>\n<li>Omega Active<\/li>\n<li>C-vitamin och bioflavonoider<\/li>\n<li>Jod aktiv<\/li>\n<li><span style=\"color: #333333;\">Antiinflammatorisk kost, inklusive recept<\/span><\/li>\n<\/ol>\n<p><span style=\"color: #0000ff;\"><a style=\"color: #0000ff;\" href=\"https:\/\/advancedsofttissuerelease.com\/sv\/produkt\/b-aktiv-2\/\"><strong>B Aktiv &gt;<\/strong><\/a><\/span><\/p>\n<ul>\n<li><span style=\"color: #333333;\">St\u00f6der kolhydratmetabolism<\/span><\/li>\n<li><span style=\"color: #333333;\">St\u00f6djer nervsystemets funktion<\/span><\/li>\n<li><span style=\"color: #333333;\">St\u00f6der binjuresystemets funktion<\/span><\/li>\n<li><span style=\"color: #333333;\">St\u00f6djer immunsystemets funktion<\/span><\/li>\n<li><span style=\"color: #333333;\">St\u00f6der kardiovaskul\u00e4r h\u00e4lsa<\/span><\/li>\n<li><span style=\"color: #333333;\">Skyddar mot kostbrister<\/span><\/li>\n<li><span style=\"color: #333333;\">Skyddar mot stressinducerad n\u00e4ringsutarmning<\/span><\/li>\n<li><span style=\"color: #333333;\">St\u00f6djer h\u00e4lsosam mental funktion och hum\u00f6r<\/span><\/li>\n<\/ul>\n<p><span style=\"color: #333333;\">ASTR B Active Supplement hj\u00e4lper till att st\u00f6dja kolhydratmetabolism, nerv\/binjure\/immunsystem, kardiovaskul\u00e4r h\u00e4lsa och h\u00e4lsosam mental funktion och hum\u00f6r. B Active inneh\u00e5ller hela spektrumet av B-vitaminer; aktiverade former av B2, B6 och B12; och folat.*<\/span><\/p>\n<p><a href=\"https:\/\/advancedsofttissuerelease.com\/sv\/produkt\/vitamin-c-och-bioflavonoider\/\"><strong><span style=\"color: #0000ff;\">C-vitamin &amp;\u00a0<span style=\"caret-color: #0000ff;\">Bioflavonoider<\/span>\u00a0 &gt;\u00a0<\/span><\/strong><\/a><\/p>\n<ul>\n<li>C-vitaminformel med h\u00f6g styrka<\/li>\n<li>St\u00f6der immunf\u00f6rsvaret<\/li>\n<li>St\u00f6der antioxidantsystem<\/li>\n<li>St\u00f6d blodk\u00e4rlssyntesen<\/li>\n<li>St\u00f6djer produktionen av kollagen<\/li>\n<li>St\u00f6djer produktionen av karnitin<\/li>\n<li>St\u00f6djer produktionen av neurotransmittorer<\/li>\n<\/ul>\n<p>Vitamin C och Bioflavonoider kombinerar h\u00f6gpotens C-vitamin med ett standardiserat, fullspektrum, citrusbioflavonoidkomplex. B\u00e5de vitamin C och bioflavonoider har unders\u00f6kts omfattande f\u00f6r deras roller f\u00f6r att st\u00f6dja antioxidanter och immunfunktion. Dessutom tyder forskning p\u00e5 att C-vitamin kr\u00e4vs f\u00f6r syntesen av kollagen, signalsubstanser och karnitin. Bioflavonoider verkar st\u00f6dja h\u00e4lsosam metabolism och kognition genom att fungera som cellsignalerande medel.*<\/p>\n<p><span style=\"color: #0000ff;\"><a style=\"color: #0000ff;\" href=\"https:\/\/advancedsofttissuerelease.com\/sv\/produkt\/coq-10-aktiv\/\"><strong>CoQ 10 Active &gt;<\/strong><\/a><\/span><\/p>\n<ul>\n<li>St\u00f6der naturlig energigenerering<\/li>\n<li>St\u00f6der mitokondriell funktion<\/li>\n<li>St\u00f6djer plasma- och v\u00e4vnadsh\u00e4lsan<\/li>\n<li>St\u00f6der h\u00e4lsa och funktion av det kardiovaskul\u00e4ra systemet<\/li>\n<li>St\u00f6der neuromuskul\u00e4r h\u00e4lsa<\/li>\n<li>St\u00f6djer centrala nervsystemets funktion<\/li>\n<\/ul>\n<p>ASTR CoQ 10 Supplement st\u00f6der naturlig energigenerering och mitokondriell h\u00e4lsa, h\u00e4lsosam funktion av det kardiovaskul\u00e4ra systemet och neuromuskul\u00e4ra och centrala nervsystems h\u00e4lsa. ASTR CoQ 10 har kliniskt visat sig vara mer absorberbar f\u00f6r optimal anv\u00e4ndning f\u00f6r att st\u00f6dja kardiovaskul\u00e4ra och energibaserade h\u00e4lsobehov.<\/p>\n<p><span style=\"color: #0000ff;\"><a style=\"color: #0000ff;\" href=\"https:\/\/advancedsofttissuerelease.com\/sv\/produkt\/k2-d3-komplett-2\/\"><strong>K2 &amp; D3 komplett &gt;<\/strong><\/a><\/span><\/p>\n<ul>\n<li>St\u00f6djer en h\u00e4lsosam blodcirkulation<\/li>\n<li>Fr\u00e4mjar optimal benh\u00e4lsa<\/li>\n<li>Fr\u00e4mjar korrekt kalciumlagring<\/li>\n<li>Uppr\u00e4tth\u00e5ller en h\u00e4lsosam kardiometabolisk funktion<\/li>\n<li>St\u00f6der arteriell elasticitet<\/li>\n<li>\u00d6kar immunf\u00f6rsvaret<\/li>\n<li>St\u00f6djer en h\u00e4lsosam kalciumbalans<\/li>\n<li>St\u00f6der blodsockerbalansen<\/li>\n<\/ul>\n<div class=\"page\" title=\"Sida 1\">\n<div class=\"section\">\n<div class=\"layoutArea\">\n<div class=\"column\">\n<p>Aktuell forskning har funnit att h\u00f6gkoncentrationstillskott av K2, vid 180 mcg\/dag, resulterar i f\u00f6rb\u00e4ttrade kliniska resultat j\u00e4mf\u00f6rt med tillskott med l\u00e4gre dos*. K2 &amp; D3 komplett ger 180 mcg MenaQ7\u00ae PRO, den mest studerade formen av vitamin K2 som MK-7, tillsammans med 5 000 IE vitamin D3 f\u00f6r optimalt st\u00f6d f\u00f6r ben och kardiovaskul\u00e4r h\u00e4lsa.<\/p>\n<\/div>\n<\/div>\n<\/div>\n<\/div>\n<p><span style=\"color: #0000ff;\"><a style=\"color: #0000ff;\" href=\"https:\/\/advancedsofttissuerelease.com\/sv\/produkt\/omega-aktiva-2\/\"><strong><span style=\"font-size: 12pt;\">Omega Active &gt;<\/span><\/strong><\/a><\/span><\/p>\n<ul>\n<li>St\u00f6der kardiovaskul\u00e4r h\u00e4lsa<\/li>\n<li>St\u00f6djer blodsockermetabolismen<\/li>\n<li>St\u00f6der kognitiv funktion<\/li>\n<li>St\u00f6der kognitiv utveckling<\/li>\n<li>St\u00f6der frisk hud<\/li>\n<li>St\u00f6djer friska leder<\/li>\n<li>St\u00f6der friska bindv\u00e4v<\/li>\n<li>\u00d6kar visuell och okul\u00e4r h\u00e4lsa<\/li>\n<li>Uppr\u00e4tth\u00e5ller normal inflammatorisk balans<\/li>\n<\/ul>\n<p><span style=\"color: #0000ff;\"><a style=\"color: #0000ff;\" href=\"https:\/\/advancedsofttissuerelease.com\/sv\/produkt\/jod-aktiv-2\/\"><strong><span style=\"font-size: 12pt;\">Jod Aktiv &gt;<\/span><\/strong><\/a><\/span><\/p>\n<ul>\n<li>St\u00f6der sk\u00f6ldk\u00f6rtelh\u00e4lsa<\/li>\n<li>Hj\u00e4lper till att uppr\u00e4tth\u00e5lla frisk br\u00f6stv\u00e4vnad<\/li>\n<li>St\u00f6der sund syntes av sk\u00f6ldk\u00f6rtelhormoner<\/li>\n<li>Minska oxidativ stress<\/li>\n<li>St\u00f6djer friska \u00f6gon<\/li>\n<li>St\u00f6djer friskt mag-tarmslemhinna<\/li>\n<li>Antioxidant<\/li>\n<\/ul>\n<div class=\"page\" title=\"Sida 1\">\n<div class=\"section\">\n<div class=\"layoutArea\">\n<div class=\"column\">\n<p>Jod- och selenformel f\u00f6r optimal sk\u00f6ldk\u00f6rtelfunktion<\/p>\n<\/div>\n<\/div>\n<\/div>\n<\/div>\n<p style=\"text-align: center;\"><span style=\"font-size: 8pt; color: #333333;\">*Dessa uttalanden har inte utv\u00e4rderats av Food and Drug Administration. Denna produkt \u00e4r inte avsedd att diagnostisera, behandla, bota eller f\u00f6rebygga n\u00e5gon sjukdom.\u00a0<\/span><\/p>","protected":false},"excerpt":{"rendered":"<p>Steg-f\u00f6r-steg-program inklusive h\u00e4lsotips, kostplan, recept, ink\u00f6pslistor och kosttillskott som hj\u00e4lper dig att ta itu med k\u00e4llan till dina underliggande h\u00e4lsoproblem.<\/p>","protected":false},"featured_media":37810,"template":"","meta":{"_analytify_skip_tracking":false},"product_brand":[],"product_cat":[1782],"product_tag":[604,2344,2342,2341,2343],"woo-feed-brand":[],"class_list":{"0":"post-37804","1":"product","2":"type-product","3":"status-publish","4":"has-post-thumbnail","6":"product_cat-health-supplement-kits","7":"product_tag-coq-10","8":"product_tag-fertility-diet","9":"product_tag-fertility-suplements","10":"product_tag-fertility-support","11":"product_tag-fertility-vitamins","12":"product_shipping_class-regular-shipping","14":"first","15":"instock","16":"sale","17":"taxable","18":"shipping-taxable","19":"purchasable","20":"product-type-simple"},"exclude_global_add_ons":[],"addons":[],"_links":{"self":[{"href":"https:\/\/advancedsofttissuerelease.com\/sv\/wp-json\/wp\/v2\/product\/37804","targetHints":{"allow":["GET"]}}],"collection":[{"href":"https:\/\/advancedsofttissuerelease.com\/sv\/wp-json\/wp\/v2\/product"}],"about":[{"href":"https:\/\/advancedsofttissuerelease.com\/sv\/wp-json\/wp\/v2\/types\/product"}],"version-history":[{"count":0,"href":"https:\/\/advancedsofttissuerelease.com\/sv\/wp-json\/wp\/v2\/product\/37804\/revisions"}],"wp:featuredmedia":[{"embeddable":true,"href":"https:\/\/advancedsofttissuerelease.com\/sv\/wp-json\/wp\/v2\/media\/37810"}],"wp:attachment":[{"href":"https:\/\/advancedsofttissuerelease.com\/sv\/wp-json\/wp\/v2\/media?parent=37804"}],"wp:term":[{"taxonomy":"product_brand","embeddable":true,"href":"https:\/\/advancedsofttissuerelease.com\/sv\/wp-json\/wp\/v2\/product_brand?post=37804"},{"taxonomy":"product_cat","embeddable":true,"href":"https:\/\/advancedsofttissuerelease.com\/sv\/wp-json\/wp\/v2\/product_cat?post=37804"},{"taxonomy":"product_tag","embeddable":true,"href":"https:\/\/advancedsofttissuerelease.com\/sv\/wp-json\/wp\/v2\/product_tag?post=37804"},{"taxonomy":"woo-feed-brand","embeddable":true,"href":"https:\/\/advancedsofttissuerelease.com\/sv\/wp-json\/wp\/v2\/woo-feed-brand?post=37804"}],"curies":[{"name":"wp","href":"https:\/\/api.w.org\/{rel}","templated":true}]}}