{"id":42079,"date":"2023-02-25T13:02:07","date_gmt":"2023-02-25T20:02:07","guid":{"rendered":"https:\/\/advancedsofttissuerelease.com\/?post_type=product&#038;p=42079"},"modified":"2025-09-23T20:07:39","modified_gmt":"2025-09-24T00:07:39","slug":"lean-program-3","status":"publish","type":"product","link":"https:\/\/advancedsofttissuerelease.com\/sv\/product\/period-menstrual-pain-relief-kit\/","title":{"rendered":"Period Pain Relief Kit"},"content":{"rendered":"<div dir=\"ltr\">\n<h1>Period Pain Relief Kit<\/h1>\n<p><span class=\"\" style=\"color: #333333;\">ASTR\u2019s Period\/ menstrual pain relief Program is an up to date, scientific approach based on hundreds of studies focused on the best way to relief period pain naturally utilizing supplementation, diet and behavior modification. This is a step-by-step dietary plan that includes creating a shopping list, recipe samples, self-care recipes, video instructions on how to implement the program and a step by step manual.<\/span><\/p>\n<\/div>\n<h2><span class=\"\" style=\"font-size: 12pt; color: #333333;\"><b class=\"\">Which conditions\/patients would benefit most from ASTR\u2019s period pain relief?<\/b><\/span><\/h2>\n<ul>\n<li>Period \/ menstrual cramps<\/li>\n<li>Period symptoms relief<\/li>\n<li>Menstrual pain relief<\/li>\n<\/ul>\n<p><span style=\"color: #333333;\"><b>Vad ing\u00e5r:<\/b><\/span><\/p>\n<ul>\n<li><span style=\"color: #333333;\">Instruktionsvideo<\/span><\/li>\n<li><span style=\"color: #333333;\">ASTR diet<\/span><\/li>\n<li><span style=\"color: #333333;\">Exempel p\u00e5 recept<span class=\"Apple-converted-space\">\u00a0<\/span><\/span><\/li>\n<li><span style=\"color: #333333;\">M\u00e5ltider<\/span><\/li>\n<li><span style=\"color: #333333;\">Kosttillskott<\/span>\n<ul>\n<li><span style=\"color: #333333;\">Joint &amp; Muscle Repair<\/span><\/li>\n<li>Magnesium aktiv<\/li>\n<\/ul>\n<\/li>\n<\/ul>\n<p><span style=\"color: #333333;\"><b>Till\u00e4gg:<span class=\"Apple-converted-space\">\u00a0<\/span><\/b><\/span><\/p>\n<p><a href=\"https:\/\/advancedsofttissuerelease.com\/sv\/produkt\/infla-lattnad-3\/\"><strong>Joint &amp; Muscle Repair Pack &gt;<\/strong><\/a><\/p>\n<ul>\n<li>Supports joint &amp; muscle repair<\/li>\n<li>St\u00f6der ett h\u00e4lsosamt inflammatoriskt svar<\/li>\n<li>F\u00f6rb\u00e4ttra muskuloskeletala h\u00e4lsa<\/li>\n<li>Stolttar med ledh\u00e4lsa<\/li>\n<li>\u00d6kar ledr\u00f6relser<\/li>\n<li>\u00d6kar fysisk funktion<\/li>\n<li>F\u00f6rb\u00e4ttrar \u00e5terh\u00e4mtningstiden f\u00f6r tr\u00e4ningen<\/li>\n<\/ul>\n<p><a href=\"https:\/\/advancedsofttissuerelease.com\/sv\/produkt\/magnesiumaktivt-2\/\"><strong>Magnesium Active &gt;<\/strong><\/a><\/p>\n<ul>\n<li>Ger 3 former av h\u00f6gabsorberat magnesium<\/li>\n<li>H\u00f6gkoncentrerat magnesium f\u00f6r kardiovaskul\u00e4rt st\u00f6d<\/li>\n<li>Magnesium spelar en avg\u00f6rande roll i hundratals metabola aktiviteter<\/li>\n<li>Hj\u00e4lp till att uppr\u00e4tth\u00e5lla ett h\u00e4lsosamt blodtryck<\/li>\n<li>Hj\u00e4lper till att uppr\u00e4tth\u00e5lla h\u00e4lsosamma glukosniv\u00e5er<\/li>\n<li>Fr\u00e4mjar energiproduktion<\/li>\n<li>Fr\u00e4mjar muskelavslappning<\/li>\n<li>St\u00f6der muskelfunktion<\/li>\n<li>St\u00f6d nervfunktionen<\/li>\n<\/ul>\n<p>&nbsp;<\/p>\n<p style=\"text-align: center;\"><span style=\"color: #333333; font-size: 8pt;\">Dessa uttalanden har inte utv\u00e4rderats av Food and Drug Administration. Denna produkt \u00e4r inte avsedd att diagnostisera, behandla, bota eller f\u00f6rebygga n\u00e5gon sjukdom.<\/span><\/p>","protected":false},"excerpt":{"rendered":"<p><span class=\"\">Step-by-step program including \u00a0support tips,\u00a0<\/span><span class=\"\">kostplan, <\/span><span class=\"\">recept, ink\u00f6pslistor och kosttillskott som hj\u00e4lper dig att ta itu med k\u00e4llan till dina underliggande h\u00e4lsoproblem.<\/span><\/p>","protected":false},"featured_media":42082,"template":"","meta":{"_analytify_skip_tracking":false},"product_brand":[],"product_cat":[1782],"product_tag":[2371,2373,2372,2370],"woo-feed-brand":[],"class_list":{"0":"post-42079","1":"product","2":"type-product","3":"status-publish","4":"has-post-thumbnail","6":"product_cat-health-supplement-kits","7":"product_tag-menstrual-pain-relief","8":"product_tag-natural-period-pain-relief","9":"product_tag-period-cramps-relief","10":"product_tag-period-pain-relief","11":"product_shipping_class-regular-shipping","13":"first","14":"instock","15":"sale","16":"featured","17":"taxable","18":"shipping-taxable","19":"purchasable","20":"product-type-simple"},"exclude_global_add_ons":[],"addons":[],"_links":{"self":[{"href":"https:\/\/advancedsofttissuerelease.com\/sv\/wp-json\/wp\/v2\/product\/42079","targetHints":{"allow":["GET"]}}],"collection":[{"href":"https:\/\/advancedsofttissuerelease.com\/sv\/wp-json\/wp\/v2\/product"}],"about":[{"href":"https:\/\/advancedsofttissuerelease.com\/sv\/wp-json\/wp\/v2\/types\/product"}],"version-history":[{"count":0,"href":"https:\/\/advancedsofttissuerelease.com\/sv\/wp-json\/wp\/v2\/product\/42079\/revisions"}],"wp:featuredmedia":[{"embeddable":true,"href":"https:\/\/advancedsofttissuerelease.com\/sv\/wp-json\/wp\/v2\/media\/42082"}],"wp:attachment":[{"href":"https:\/\/advancedsofttissuerelease.com\/sv\/wp-json\/wp\/v2\/media?parent=42079"}],"wp:term":[{"taxonomy":"product_brand","embeddable":true,"href":"https:\/\/advancedsofttissuerelease.com\/sv\/wp-json\/wp\/v2\/product_brand?post=42079"},{"taxonomy":"product_cat","embeddable":true,"href":"https:\/\/advancedsofttissuerelease.com\/sv\/wp-json\/wp\/v2\/product_cat?post=42079"},{"taxonomy":"product_tag","embeddable":true,"href":"https:\/\/advancedsofttissuerelease.com\/sv\/wp-json\/wp\/v2\/product_tag?post=42079"},{"taxonomy":"woo-feed-brand","embeddable":true,"href":"https:\/\/advancedsofttissuerelease.com\/sv\/wp-json\/wp\/v2\/woo-feed-brand?post=42079"}],"curies":[{"name":"wp","href":"https:\/\/api.w.org\/{rel}","templated":true}]}}