{"id":4733,"date":"2019-06-12T11:34:29","date_gmt":"2019-06-12T17:34:29","guid":{"rendered":"https:\/\/advancedsofttissuerelease.com\/?post_type=product&#038;p=4733"},"modified":"2025-09-23T20:47:35","modified_gmt":"2025-09-24T00:47:35","slug":"lean-program-2","status":"publish","type":"product","link":"https:\/\/advancedsofttissuerelease.com\/sv\/product\/lean-program\/","title":{"rendered":"Lean-program och till\u00e4gg"},"content":{"rendered":"<div dir=\"ltr\">\n<h1><strong><span class=\"\" style=\"font-size: 12pt; color: #333333;\">Lean-program och till\u00e4gg<\/span><\/strong><\/h1>\n<p><span class=\"\" style=\"color: #333333;\">ASTR:s Lean-program \u00e4r ett uppdaterat, vetenskapligt tillv\u00e4gag\u00e5ngss\u00e4tt baserat p\u00e5 hundratals studier fokuserade p\u00e5 det b\u00e4sta s\u00e4ttet att g\u00e5 ner i vikt genom kosttillskott, kost och beteendef\u00f6r\u00e4ndringar. Detta \u00e4r en steg-f\u00f6r-steg kostplan som inkluderar att skapa en ink\u00f6pslista, receptprover, recept f\u00f6r egenv\u00e5rd, videoinstruktioner om hur man implementerar lean-programmet och en steg-f\u00f6r-steg-manual.<\/span><\/p>\n<\/div>\n<h2><span class=\"\" style=\"font-size: 12pt; color: #333333;\"><b class=\"\">Vilka tillst\u00e5nd\/patienter skulle ha st\u00f6rst nytta av ASTR:s Lean-program?<\/b><\/span><\/h2>\n<ul>\n<li><span class=\"\" style=\"color: #333333;\">Diabetiker\/pre-diabetiker\/insulinresistent<\/span><\/li>\n<li><span class=\"\" style=\"color: #333333;\">Kronisk tr\u00f6tthet\/l\u00e5g energi<\/span><\/li>\n<li><span class=\"\" style=\"color: #333333;\">\u00d6vervikt<\/span><\/li>\n<li><span class=\"\" style=\"color: #333333;\">H\u00f6gt blodtryck<\/span><\/li>\n<li><span class=\"\" style=\"color: #333333;\">H\u00f6ga triglyceridniv\u00e5er<\/span><\/li>\n<li><span class=\"\" style=\"color: #333333;\">H\u00f6gt kolesterol<\/span><\/li>\n<li><span style=\"color: #333333;\">Syndrom X<\/span><\/li>\n<\/ul>\n<p><span style=\"color: #333333;\"><b>Vad ing\u00e5r:<\/b><\/span><\/p>\n<ul>\n<li><span style=\"color: #333333;\">Instruktionsvideo<\/span><\/li>\n<li><span style=\"color: #333333;\">Exempel p\u00e5 recept<span class=\"Apple-converted-space\">\u00a0<\/span><\/span><\/li>\n<li><span style=\"color: #333333;\">M\u00e5ltider<\/span><\/li>\n<li><span style=\"color: #333333;\">ASTR lean manual<\/span><\/li>\n<li><span style=\"color: #333333;\">Kosttillskott<\/span>\n<ul>\n<li><span style=\"color: #333333;\">Kollagen aktiv<\/span><\/li>\n<li><span style=\"color: #333333;\">B-aktiv<\/span><\/li>\n<li><span style=\"color: #333333;\">Jod aktiv<\/span><\/li>\n<li><span style=\"color: #333333;\">Probiotika Max<\/span><\/li>\n<\/ul>\n<\/li>\n<\/ul>\n<p><span style=\"color: #333333;\"><b>Till\u00e4gg:<span class=\"Apple-converted-space\">\u00a0<\/span><\/b><\/span><\/p>\n<p><a href=\"https:\/\/advancedsofttissuerelease.com\/sv\/produkt\/kollagen-aktiv\/\"><strong>Kollagen aktivt &gt;<\/strong><\/a><\/p>\n<ul>\n<li>St\u00f6der processen f\u00f6r sj\u00e4lvreparation av brosk<\/li>\n<li>St\u00f6der processen f\u00f6r sj\u00e4lvreparation av senor<\/li>\n<li>St\u00f6der processen f\u00f6r sj\u00e4lvreparation av ligament<\/li>\n<li>St\u00f6der processen f\u00f6r sj\u00e4lvreparation av fascia<\/li>\n<li>St\u00f6der friskt h\u00e5r<\/li>\n<li>St\u00f6der frisk hud<\/li>\n<li>St\u00f6djer friska naglar<\/li>\n<li>St\u00f6der ledsm\u00f6rjning<\/li>\n<li>St\u00f6der ledd\u00e4mpning<\/li>\n<li>Fr\u00e4mjar bindv\u00e4vsbiosyntes<\/li>\n<\/ul>\n<div class=\"page\" title=\"Sida 1\">\n<div class=\"section\">\n<div class=\"layoutArea\">\n<div class=\"column\">\n<p>Kollagen \u00e4r en avg\u00f6rande del av hud, h\u00e5r, naglar, leder och bindv\u00e4v. Kollagen Aktivt inneh\u00e5ll: vitamin c, magnesium, typ 1 kollagen, hyaluronsyra, gelatinhydrolysat. Kollagen aktivt st\u00f6djer frisk brosk, senor, ligament, fascia och ledfunktion.<\/p>\n<\/div>\n<\/div>\n<\/div>\n<\/div>\n<p><a href=\"https:\/\/advancedsofttissuerelease.com\/sv\/produkt\/b-aktiv-2\/\"><strong>B Aktiv &gt;<\/strong><\/a><\/p>\n<ul>\n<li><span style=\"color: #333333;\">St\u00f6der kolhydratmetabolism<\/span><\/li>\n<li><span style=\"color: #333333;\">St\u00f6djer nervsystemets funktion<\/span><\/li>\n<li><span style=\"color: #333333;\">St\u00f6der binjuresystemets funktion<\/span><\/li>\n<li><span style=\"color: #333333;\">St\u00f6djer immunsystemets funktion<\/span><\/li>\n<li><span style=\"color: #333333;\">St\u00f6der kardiovaskul\u00e4r h\u00e4lsa<\/span><\/li>\n<li><span style=\"color: #333333;\">St\u00f6djer h\u00e4lsosam mental funktion och hum\u00f6r<\/span><\/li>\n<\/ul>\n<p><span style=\"color: #333333;\">ASTR B Active Supplement hj\u00e4lper till att st\u00f6dja kolhydratmetabolism, nerv\/binjure\/immunsystem, kardiovaskul\u00e4r h\u00e4lsa och h\u00e4lsosam mental funktion och hum\u00f6r. B Active inneh\u00e5ller hela spektrumet av B-vitaminer; aktiverade former av B2, B6 och B12; benfotiamin; och folat.*<\/span><\/p>\n<p><a href=\"https:\/\/advancedsofttissuerelease.com\/sv\/produkt\/jod-aktiv-2\/\"><strong>Jod Aktiv &gt;<\/strong><\/a><\/p>\n<ul>\n<li>St\u00f6der sk\u00f6ldk\u00f6rtelh\u00e4lsa<\/li>\n<li>Hj\u00e4lper till att uppr\u00e4tth\u00e5lla frisk br\u00f6stv\u00e4vnad<\/li>\n<li>St\u00f6der sund syntes av sk\u00f6ldk\u00f6rtelhormoner<\/li>\n<li>Minska oxidativ stress<\/li>\n<li>St\u00f6djer friska \u00f6gon<\/li>\n<li>St\u00f6der immunf\u00f6rsvaret<\/li>\n<li>St\u00f6der avgiftningsprocessen<\/li>\n<li>St\u00f6djer friskt mag-tarmslemhinna<\/li>\n<li>Antioxidant<\/li>\n<\/ul>\n<p><a href=\"https:\/\/advancedsofttissuerelease.com\/sv\/produkt\/probiotika-max\/\"><strong>Probiotiska Max \u2013 18 stammar&gt;<\/strong><\/a><\/p>\n<ul>\n<li><span style=\"color: #333333;\">St\u00f6djer en h\u00e4lsosam mikrobiota<\/span><\/li>\n<li><span style=\"color: #333333;\">St\u00f6djer det naturliga immunsvaret<\/span><\/li>\n<li><span style=\"color: #333333;\">St\u00f6djer laktossm\u00e4ltningen<\/span><\/li>\n<li><span style=\"color: #333333;\">St\u00f6djer tarmens regelbundenhet<\/span><\/li>\n<li><span style=\"color: #333333;\">St\u00f6der en frisk tarmmikrobiom<\/span><\/li>\n<li><span style=\"color: #333333;\">Utvald f\u00f6r sin livskraft och stabilitet<\/span><\/li>\n<\/ul>\n<p><span style=\"color: #333333;\">ASTR Probiotic Max-supplementet st\u00f6djer en h\u00e4lsosam mikrobiota, det naturliga immunsvaret, laktossm\u00e4ltningen och tarmens regelbundenhet. Probiotic Max Strain har olika probiotiska stammar f\u00f6r att st\u00f6dja en frisk tarmmikrobiom. Dessa stammar valdes inte bara ut f\u00f6r deras h\u00e4lsof\u00f6rdelar och kompletterande verkan utan ocks\u00e5 f\u00f6r deras livskraft och stabilitet. F\u00f6r att skydda bakterierna fr\u00e5n ljus och fukt anv\u00e4nds ogenomskinliga och foliefodrade f\u00f6rpackningar f\u00f6r b\u00e5da formlerna.*<\/span><\/p>\n<p style=\"text-align: center;\"><span style=\"color: #333333; font-size: 8pt;\">Dessa uttalanden har inte utv\u00e4rderats av Food and Drug Administration. Denna produkt \u00e4r inte avsedd att diagnostisera, behandla, bota eller f\u00f6rebygga n\u00e5gon sjukdom.<\/span><\/p>","protected":false},"excerpt":{"rendered":"<p><span class=\"\">Steg-f\u00f6r-steg-program inklusive lean support tips,\u00a0<\/span><span class=\"\">kostplan, <\/span><span class=\"\">recept, ink\u00f6pslistor och kosttillskott som hj\u00e4lper dig att ta itu med k\u00e4llan till dina underliggande h\u00e4lsoproblem.<\/span><\/p>","protected":false},"featured_media":44089,"template":"","meta":{"_analytify_skip_tracking":false},"product_brand":[],"product_cat":[1782],"product_tag":[1247,1246,1938,1939],"woo-feed-brand":[],"class_list":{"0":"post-4733","1":"product","2":"type-product","3":"status-publish","4":"has-post-thumbnail","6":"product_cat-health-supplement-kits","7":"product_tag-lean-program","8":"product_tag-weight-loss","9":"product_tag-weight-loss-supplements","10":"product_tag-weight-management-program","11":"product_shipping_class-regular-shipping","13":"first","14":"instock","15":"sale","16":"featured","17":"taxable","18":"shipping-taxable","19":"purchasable","20":"product-type-simple"},"exclude_global_add_ons":[],"addons":[],"_links":{"self":[{"href":"https:\/\/advancedsofttissuerelease.com\/sv\/wp-json\/wp\/v2\/product\/4733","targetHints":{"allow":["GET"]}}],"collection":[{"href":"https:\/\/advancedsofttissuerelease.com\/sv\/wp-json\/wp\/v2\/product"}],"about":[{"href":"https:\/\/advancedsofttissuerelease.com\/sv\/wp-json\/wp\/v2\/types\/product"}],"version-history":[{"count":0,"href":"https:\/\/advancedsofttissuerelease.com\/sv\/wp-json\/wp\/v2\/product\/4733\/revisions"}],"wp:featuredmedia":[{"embeddable":true,"href":"https:\/\/advancedsofttissuerelease.com\/sv\/wp-json\/wp\/v2\/media\/44089"}],"wp:attachment":[{"href":"https:\/\/advancedsofttissuerelease.com\/sv\/wp-json\/wp\/v2\/media?parent=4733"}],"wp:term":[{"taxonomy":"product_brand","embeddable":true,"href":"https:\/\/advancedsofttissuerelease.com\/sv\/wp-json\/wp\/v2\/product_brand?post=4733"},{"taxonomy":"product_cat","embeddable":true,"href":"https:\/\/advancedsofttissuerelease.com\/sv\/wp-json\/wp\/v2\/product_cat?post=4733"},{"taxonomy":"product_tag","embeddable":true,"href":"https:\/\/advancedsofttissuerelease.com\/sv\/wp-json\/wp\/v2\/product_tag?post=4733"},{"taxonomy":"woo-feed-brand","embeddable":true,"href":"https:\/\/advancedsofttissuerelease.com\/sv\/wp-json\/wp\/v2\/woo-feed-brand?post=4733"}],"curies":[{"name":"wp","href":"https:\/\/api.w.org\/{rel}","templated":true}]}}