{"id":5296,"date":"2019-08-05T15:50:29","date_gmt":"2019-08-05T22:50:29","guid":{"rendered":"https:\/\/advancedsofttissuerelease.com\/?post_type=product&#038;p=5296"},"modified":"2024-11-06T19:51:47","modified_gmt":"2024-11-07T00:51:47","slug":"magnesiumaktivt-2","status":"publish","type":"product","link":"https:\/\/advancedsofttissuerelease.com\/sv\/product\/magnesium-active\/","title":{"rendered":"Magnesium aktiv"},"content":{"rendered":"<h1>Magnesium aktiv<\/h1>\n<ul>\n<li>Ger 3 former av h\u00f6gabsorberat magnesium<\/li>\n<li>H\u00f6gkoncentrerat magnesium f\u00f6r kardiovaskul\u00e4rt st\u00f6d<\/li>\n<li>Magnesium spelar en avg\u00f6rande roll i hundratals metabola aktiviteter<\/li>\n<li>Hj\u00e4lp till att uppr\u00e4tth\u00e5lla ett h\u00e4lsosamt blodtryck<\/li>\n<li>Hj\u00e4lper till att uppr\u00e4tth\u00e5lla h\u00e4lsosamma glukosniv\u00e5er<\/li>\n<li>Fr\u00e4mjar energiproduktion<\/li>\n<li>Fr\u00e4mjar muskelavslappning<\/li>\n<li>St\u00f6der muskelfunktion<\/li>\n<li>St\u00f6d nervfunktionen<\/li>\n<\/ul>\n<p>&nbsp;<\/p>\n<p><strong>INNEH\u00c5LLER INTE\u00a0<\/strong>\u00a0konstgjorda f\u00e4rg\u00e4mnen, konstgjorda s\u00f6tningsmedel eller konstgjorda konserveringsmedel.<\/p>\n<p style=\"text-align: center;\"><span style=\"font-size: 8pt;\">*Dessa uttalanden har inte utv\u00e4rderats av Food and Drug Administration. Denna produkt \u00e4r inte avsedd att diagnostisera, behandla, bota eller f\u00f6rebygga n\u00e5gon sjukdom.\u00a0<\/span><\/p>","protected":false},"excerpt":{"rendered":"<p>Magnesium Active Provides 3 forms of highly-absorbed magnesium High-concentration magnesium for cardiovascular support Magnesium plays vital role in hundreds of metabolic activities Help maintain healthy blood pressure Helps maintain healthy glucose levels Promotes energy production Promotes muscle relaxation Supports muscle function Support nerve function &nbsp; DOES NOT CONTAIN\u00a0\u00a0artificial colors, artificial sweeteners, or artificial preservatives. *These [&hellip;]<\/p>\n","protected":false},"featured_media":9619,"template":"","meta":{"_analytify_skip_tracking":false},"product_brand":[],"product_cat":[515],"product_tag":[521,1329,1330,1331],"woo-feed-brand":[],"class_list":{"0":"post-5296","1":"product","2":"type-product","3":"status-publish","4":"has-post-thumbnail","6":"product_cat-supplements","7":"product_tag-astr-supplement","8":"product_tag-magnesium","9":"product_tag-mineral","10":"product_tag-support-bowel-movement","11":"product_shipping_class-regular-shipping","13":"first","14":"instock","15":"taxable","16":"shipping-taxable","17":"purchasable","18":"product-type-variable-subscription"},"exclude_global_add_ons":[],"addons":[],"_links":{"self":[{"href":"https:\/\/advancedsofttissuerelease.com\/sv\/wp-json\/wp\/v2\/product\/5296","targetHints":{"allow":["GET"]}}],"collection":[{"href":"https:\/\/advancedsofttissuerelease.com\/sv\/wp-json\/wp\/v2\/product"}],"about":[{"href":"https:\/\/advancedsofttissuerelease.com\/sv\/wp-json\/wp\/v2\/types\/product"}],"version-history":[{"count":0,"href":"https:\/\/advancedsofttissuerelease.com\/sv\/wp-json\/wp\/v2\/product\/5296\/revisions"}],"wp:featuredmedia":[{"embeddable":true,"href":"https:\/\/advancedsofttissuerelease.com\/sv\/wp-json\/wp\/v2\/media\/9619"}],"wp:attachment":[{"href":"https:\/\/advancedsofttissuerelease.com\/sv\/wp-json\/wp\/v2\/media?parent=5296"}],"wp:term":[{"taxonomy":"product_brand","embeddable":true,"href":"https:\/\/advancedsofttissuerelease.com\/sv\/wp-json\/wp\/v2\/product_brand?post=5296"},{"taxonomy":"product_cat","embeddable":true,"href":"https:\/\/advancedsofttissuerelease.com\/sv\/wp-json\/wp\/v2\/product_cat?post=5296"},{"taxonomy":"product_tag","embeddable":true,"href":"https:\/\/advancedsofttissuerelease.com\/sv\/wp-json\/wp\/v2\/product_tag?post=5296"},{"taxonomy":"woo-feed-brand","embeddable":true,"href":"https:\/\/advancedsofttissuerelease.com\/sv\/wp-json\/wp\/v2\/woo-feed-brand?post=5296"}],"curies":[{"name":"wp","href":"https:\/\/api.w.org\/{rel}","templated":true}]}}