{"id":5987,"date":"2019-10-01T13:54:40","date_gmt":"2019-10-01T20:54:40","guid":{"rendered":"https:\/\/advancedsofttissuerelease.com\/?post_type=product&#038;p=5987"},"modified":"2024-11-06T12:11:22","modified_gmt":"2024-11-06T17:11:22","slug":"niacin-fordrojd-frisattning-2","status":"publish","type":"product","link":"https:\/\/advancedsofttissuerelease.com\/sv\/product\/niacin-active-time-release\/","title":{"rendered":"Niacin Active -Time Release"},"content":{"rendered":"<h1>Niacin Active &#8211; Time Release<\/h1>\n<ul>\n<li>St\u00f6djer friska blodlipider<\/li>\n<li>St\u00f6djer h\u00e4lsa h\u00f6gdensitetsliporproteinkolesterol (HDL)<\/li>\n<li>Time-release formel som \u00e4r klar p\u00e5 sju till \u00e5tta timmar<\/li>\n<li>St\u00f6der normal carotis intima-media thickness (CIMT)<\/li>\n<li>Har mindre rodnadseffekt j\u00e4mf\u00f6rt med omedelbar fris\u00e4ttning av niacin<\/li>\n<\/ul>\n<p><strong>INNEH\u00c5LLER INTE\u00a0<\/strong>Vete, gluten, j\u00e4st, soja, animaliska eller mejeriprodukter, fisk, skaldjur, jordn\u00f6tter, tr\u00e4dn\u00f6tter, \u00e4gg, ingredienser som h\u00e4rr\u00f6r fr\u00e5n genetiskt modifierade organismer (GMO), konstgjorda f\u00e4rg\u00e4mnen, konstgjorda s\u00f6tningsmedel eller konstgjorda konserveringsmedel.<\/p>\n<p style=\"text-align: center;\"><span style=\"font-size: 8pt;\">*Dessa uttalanden har inte utv\u00e4rderats av Food and Drug Administration. Denna produkt \u00e4r inte avsedd att diagnostisera, behandla, bota eller f\u00f6rebygga n\u00e5gon sjukdom.\u00a0<\/span><\/p>","protected":false},"excerpt":{"rendered":"<p>Niacin Active &#8211; Time Release Supports healthy blood lipids Supports health high-density liporprotein cholesterol (HDL) Time-release formula that is complete in seven to eight hours Supports normal carotid intima-media thickness (CIMT) Has lesser flushing effect compared with instant-release niacin DOES NOT CONTAIN\u00a0Wheat, gluten, yeast, soy, animal or dairy products, fish, shellfish, peanuts, tree nuts, egg, [&hellip;]<\/p>\n","protected":false},"featured_media":9772,"template":"","meta":{"_analytify_skip_tracking":false},"product_brand":[],"product_cat":[515],"product_tag":[521,536,1831,2206,1044],"woo-feed-brand":[],"class_list":{"0":"post-5987","1":"product","2":"type-product","3":"status-publish","4":"has-post-thumbnail","6":"product_cat-supplements","7":"product_tag-astr-supplement","8":"product_tag-cardiovascular-health","9":"product_tag-niacin","10":"product_tag-niacin-sustained-release","11":"product_tag-toxins","12":"product_shipping_class-regular-shipping","14":"first","15":"instock","16":"taxable","17":"shipping-taxable","18":"purchasable","19":"product-type-variable-subscription"},"exclude_global_add_ons":[],"addons":[],"_links":{"self":[{"href":"https:\/\/advancedsofttissuerelease.com\/sv\/wp-json\/wp\/v2\/product\/5987","targetHints":{"allow":["GET"]}}],"collection":[{"href":"https:\/\/advancedsofttissuerelease.com\/sv\/wp-json\/wp\/v2\/product"}],"about":[{"href":"https:\/\/advancedsofttissuerelease.com\/sv\/wp-json\/wp\/v2\/types\/product"}],"version-history":[{"count":0,"href":"https:\/\/advancedsofttissuerelease.com\/sv\/wp-json\/wp\/v2\/product\/5987\/revisions"}],"wp:featuredmedia":[{"embeddable":true,"href":"https:\/\/advancedsofttissuerelease.com\/sv\/wp-json\/wp\/v2\/media\/9772"}],"wp:attachment":[{"href":"https:\/\/advancedsofttissuerelease.com\/sv\/wp-json\/wp\/v2\/media?parent=5987"}],"wp:term":[{"taxonomy":"product_brand","embeddable":true,"href":"https:\/\/advancedsofttissuerelease.com\/sv\/wp-json\/wp\/v2\/product_brand?post=5987"},{"taxonomy":"product_cat","embeddable":true,"href":"https:\/\/advancedsofttissuerelease.com\/sv\/wp-json\/wp\/v2\/product_cat?post=5987"},{"taxonomy":"product_tag","embeddable":true,"href":"https:\/\/advancedsofttissuerelease.com\/sv\/wp-json\/wp\/v2\/product_tag?post=5987"},{"taxonomy":"woo-feed-brand","embeddable":true,"href":"https:\/\/advancedsofttissuerelease.com\/sv\/wp-json\/wp\/v2\/woo-feed-brand?post=5987"}],"curies":[{"name":"wp","href":"https:\/\/api.w.org\/{rel}","templated":true}]}}