{"id":6334,"date":"2019-10-16T15:33:01","date_gmt":"2019-10-16T22:33:01","guid":{"rendered":"https:\/\/advancedsofttissuerelease.com\/?post_type=product&#038;p=6334"},"modified":"2024-11-06T21:26:30","modified_gmt":"2024-11-07T02:26:30","slug":"probiotika-max","status":"publish","type":"product","link":"https:\/\/advancedsofttissuerelease.com\/sv\/product\/probiotic-max\/","title":{"rendered":"Probiotika Max"},"content":{"rendered":"<h1>Probiotika Max<\/h1>\n<h2>18 stammar<\/h2>\n<ul>\n<li>St\u00f6der en frisk tarmmikrobiom<\/li>\n<li>Fyller p\u00e5 bra bakterier i tarmen<\/li>\n<li>St\u00f6djer det naturliga immunsvaret<\/li>\n<li>St\u00f6djer laktossm\u00e4ltningen<\/li>\n<li>St\u00f6djer tarmens regelbundenhet<\/li>\n<li>St\u00f6der matsm\u00e4ltningen<\/li>\n<li>St\u00f6der absorption av mikron\u00e4rings\u00e4mnen<\/li>\n<li>\u00d6kar sekretoriskt IgA f\u00f6r f\u00f6rb\u00e4ttrad tarmimmunitet<\/li>\n<li>Utvald f\u00f6r sin livskraft och stabilitet<\/li>\n<\/ul>\n<div class=\"page\" title=\"Sida 2\">\n<div class=\"layoutArea\">\n<div class=\"column\">\n<p>Probiotikum max \u2013 18 stammar: inneh\u00e5ller en m\u00e5ngsidig probiotisk blandning f\u00f6r att st\u00f6dja h\u00e4lsan i tarmens mikrobiom, fyller p\u00e5 bra bakterier i tarmen, st\u00f6der immunf\u00f6rsvaret, st\u00f6der tarmens regelbundenhet, st\u00f6djer matsm\u00e4ltningen. Probiotiska max totalt 45 miljarder CFU per dos. Levereras i gastroresistenta kapslar. Kv\u00e4ve-rensad blisterf\u00f6rpackning s\u00e4kerst\u00e4ller ytterligare livskraften f\u00f6r dessa stammar, som inte bara valdes ut f\u00f6r deras h\u00e4lsof\u00f6rdelar och kompletterande verkan utan ocks\u00e5 f\u00f6r deras livskraft och stabilitet.<\/p>\n<p><strong>Inneh\u00e5ller inte<\/strong>\u00a0konstgjorda f\u00e4rg\u00e4mnen, konstgjorda s\u00f6tningsmedel eller konstgjorda konserveringsmedel.<\/p>\n<\/div>\n<\/div>\n<\/div>\n<p style=\"text-align: center;\"><span style=\"font-size: 8pt;\">*Dessa uttalanden har inte utv\u00e4rderats av Food and Drug Administration. Denna produkt \u00e4r inte avsedd att diagnostisera, behandla, bota eller f\u00f6rebygga n\u00e5gon sjukdom.\u00a0<\/span><\/p>","protected":false},"excerpt":{"rendered":"<p><strong>18 stammar<\/strong> (Nya Forumla)<\/p>","protected":false},"featured_media":37347,"template":"","meta":{"_analytify_skip_tracking":false},"product_brand":[],"product_cat":[515],"product_tag":[521,1415,637,1054,1053,574],"woo-feed-brand":[],"class_list":{"0":"post-6334","1":"product","2":"type-product","3":"status-publish","4":"has-post-thumbnail","6":"product_cat-supplements","7":"product_tag-astr-supplement","8":"product_tag-bowel","9":"product_tag-immune","10":"product_tag-lactose","11":"product_tag-microbiota","12":"product_tag-probiotic","13":"product_shipping_class-regular-shipping","15":"first","16":"instock","17":"taxable","18":"shipping-taxable","19":"purchasable","20":"product-type-variable-subscription"},"exclude_global_add_ons":[],"addons":[],"_links":{"self":[{"href":"https:\/\/advancedsofttissuerelease.com\/sv\/wp-json\/wp\/v2\/product\/6334","targetHints":{"allow":["GET"]}}],"collection":[{"href":"https:\/\/advancedsofttissuerelease.com\/sv\/wp-json\/wp\/v2\/product"}],"about":[{"href":"https:\/\/advancedsofttissuerelease.com\/sv\/wp-json\/wp\/v2\/types\/product"}],"version-history":[{"count":0,"href":"https:\/\/advancedsofttissuerelease.com\/sv\/wp-json\/wp\/v2\/product\/6334\/revisions"}],"wp:featuredmedia":[{"embeddable":true,"href":"https:\/\/advancedsofttissuerelease.com\/sv\/wp-json\/wp\/v2\/media\/37347"}],"wp:attachment":[{"href":"https:\/\/advancedsofttissuerelease.com\/sv\/wp-json\/wp\/v2\/media?parent=6334"}],"wp:term":[{"taxonomy":"product_brand","embeddable":true,"href":"https:\/\/advancedsofttissuerelease.com\/sv\/wp-json\/wp\/v2\/product_brand?post=6334"},{"taxonomy":"product_cat","embeddable":true,"href":"https:\/\/advancedsofttissuerelease.com\/sv\/wp-json\/wp\/v2\/product_cat?post=6334"},{"taxonomy":"product_tag","embeddable":true,"href":"https:\/\/advancedsofttissuerelease.com\/sv\/wp-json\/wp\/v2\/product_tag?post=6334"},{"taxonomy":"woo-feed-brand","embeddable":true,"href":"https:\/\/advancedsofttissuerelease.com\/sv\/wp-json\/wp\/v2\/woo-feed-brand?post=6334"}],"curies":[{"name":"wp","href":"https:\/\/api.w.org\/{rel}","templated":true}]}}