{"id":7118,"date":"2019-11-26T14:11:50","date_gmt":"2019-11-26T22:11:50","guid":{"rendered":"https:\/\/advancedsofttissuerelease.com\/?post_type=product&#038;p=7118"},"modified":"2024-11-06T21:32:09","modified_gmt":"2024-11-07T02:32:09","slug":"gi-immun","status":"publish","type":"product","link":"https:\/\/advancedsofttissuerelease.com\/sv\/product\/gi-immune\/","title":{"rendered":"GI &amp; Immun"},"content":{"rendered":"<h1>GI &amp; Immun<\/h1>\n<ul>\n<li>Fr\u00e4mjar mikrobiell balans<\/li>\n<li>Hj\u00e4lper till att uppr\u00e4tth\u00e5lla mag-tarmkomforten<\/li>\n<li>St\u00f6djer en sund immunfunktion<\/li>\n<li>Ger n\u00e4rings\u00e4mnen som \u00f6kar antioxidantskyddet<\/li>\n<li>F\u00f6rb\u00e4ttrar immunf\u00f6rsvaret<\/li>\n<li>St\u00f6djer det naturliga immunsvaret<\/li>\n<\/ul>\n<div class=\"page\" title=\"Sida 2\">\n<div class=\"layoutArea\">\n<div class=\"column\">\n<p><strong>Inneh\u00e5ller inte<\/strong>\u00a0 konstgjorda f\u00e4rg\u00e4mnen, konstgjorda s\u00f6tningsmedel eller konstgjorda konserveringsmedel.<\/p>\n<\/div>\n<\/div>\n<\/div>\n<p><em>*Dessa uttalanden har inte utv\u00e4rderats av Food and Drug Administration. Denna produkt \u00e4r inte avsedd att diagnostisera, behandla, bota eller f\u00f6rebygga n\u00e5gon sjukdom.\u00a0<\/em><\/p>","protected":false},"excerpt":{"rendered":"<p>GI &amp; Immune Promotes microbial balance Helps maintain gastrointestinal comfort Supports healthy immune functioning Provides nutrients that increase antioxidant protection Enhances immune function Supports the natural immune response Does Not Contain\u00a0 artificial colors, artificial sweeteners, or artificial preservatives. *These statements have not been evaluated by the Food and Drug Administration. \u00a0This product is not intended [&hellip;]<\/p>\n","protected":false},"featured_media":9790,"template":"","meta":{"_analytify_skip_tracking":false},"product_brand":[],"product_cat":[515],"product_tag":[521,1415,637,1054,1053,574],"woo-feed-brand":[],"class_list":{"0":"post-7118","1":"product","2":"type-product","3":"status-publish","4":"has-post-thumbnail","6":"product_cat-supplements","7":"product_tag-astr-supplement","8":"product_tag-bowel","9":"product_tag-immune","10":"product_tag-lactose","11":"product_tag-microbiota","12":"product_tag-probiotic","13":"product_shipping_class-regular-shipping","15":"first","16":"instock","17":"taxable","18":"shipping-taxable","19":"purchasable","20":"product-type-variable-subscription"},"exclude_global_add_ons":[],"addons":[],"_links":{"self":[{"href":"https:\/\/advancedsofttissuerelease.com\/sv\/wp-json\/wp\/v2\/product\/7118","targetHints":{"allow":["GET"]}}],"collection":[{"href":"https:\/\/advancedsofttissuerelease.com\/sv\/wp-json\/wp\/v2\/product"}],"about":[{"href":"https:\/\/advancedsofttissuerelease.com\/sv\/wp-json\/wp\/v2\/types\/product"}],"version-history":[{"count":0,"href":"https:\/\/advancedsofttissuerelease.com\/sv\/wp-json\/wp\/v2\/product\/7118\/revisions"}],"wp:featuredmedia":[{"embeddable":true,"href":"https:\/\/advancedsofttissuerelease.com\/sv\/wp-json\/wp\/v2\/media\/9790"}],"wp:attachment":[{"href":"https:\/\/advancedsofttissuerelease.com\/sv\/wp-json\/wp\/v2\/media?parent=7118"}],"wp:term":[{"taxonomy":"product_brand","embeddable":true,"href":"https:\/\/advancedsofttissuerelease.com\/sv\/wp-json\/wp\/v2\/product_brand?post=7118"},{"taxonomy":"product_cat","embeddable":true,"href":"https:\/\/advancedsofttissuerelease.com\/sv\/wp-json\/wp\/v2\/product_cat?post=7118"},{"taxonomy":"product_tag","embeddable":true,"href":"https:\/\/advancedsofttissuerelease.com\/sv\/wp-json\/wp\/v2\/product_tag?post=7118"},{"taxonomy":"woo-feed-brand","embeddable":true,"href":"https:\/\/advancedsofttissuerelease.com\/sv\/wp-json\/wp\/v2\/woo-feed-brand?post=7118"}],"curies":[{"name":"wp","href":"https:\/\/api.w.org\/{rel}","templated":true}]}}