{"id":9113,"date":"2020-01-03T12:04:29","date_gmt":"2020-01-03T20:04:29","guid":{"rendered":"https:\/\/advancedsofttissuerelease.com\/?post_type=product&#038;p=9113"},"modified":"2024-11-06T12:04:30","modified_gmt":"2024-11-06T17:04:30","slug":"k2-d3-komplett-2","status":"publish","type":"product","link":"https:\/\/advancedsofttissuerelease.com\/sv\/product\/k2-d3-complete\/","title":{"rendered":"K2 &amp; D3 komplett"},"content":{"rendered":"<h1>K2 &amp; D3 komplett<\/h1>\n<ul>\n<li>St\u00f6djer en h\u00e4lsosam blodcirkulation<\/li>\n<li>Fr\u00e4mjar optimal benh\u00e4lsa<\/li>\n<li>Fr\u00e4mjar korrekt kalciumlagring<\/li>\n<li>Uppr\u00e4tth\u00e5ller en h\u00e4lsosam kardiometabolisk funktion<\/li>\n<li>St\u00f6der arteriell elasticitet<\/li>\n<li>\u00d6kar immunf\u00f6rsvaret<\/li>\n<li>St\u00f6djer en h\u00e4lsosam kalciumbalans<\/li>\n<li>St\u00f6der blodsockerbalansen<\/li>\n<\/ul>\n<div class=\"page\" title=\"Sida 1\">\n<div class=\"section\">\n<div class=\"layoutArea\">\n<div class=\"column\">\n<p>Aktuell forskning har funnit att h\u00f6gkoncentrationstillskott av K2, vid 180 mcg\/dag, resulterar i f\u00f6rb\u00e4ttrade kliniska resultat j\u00e4mf\u00f6rt med tillskott med l\u00e4gre dos*. K2 &amp; D3 komplett ger 180 mcg MenaQ7\u00ae PRO, den mest studerade formen av vitamin K2 som MK-7, tillsammans med 5 000 IE vitamin D3 f\u00f6r optimalt st\u00f6d f\u00f6r ben och kardiovaskul\u00e4r h\u00e4lsa.<\/p>\n<\/div>\n<\/div>\n<\/div>\n<\/div>\n<p><strong>INNEH\u00c5LLER INTE\u00a0<\/strong>Vete, gluten, j\u00e4st, soja, animaliska eller mejeriprodukter, fisk, skaldjur, jordn\u00f6tter, tr\u00e4dn\u00f6tter, \u00e4gg, ingredienser som h\u00e4rr\u00f6r fr\u00e5n genetiskt modifierade organismer (GMO), konstgjorda f\u00e4rg\u00e4mnen, konstgjorda s\u00f6tningsmedel eller konstgjorda konserveringsmedel.<\/p>\n<p style=\"text-align: center;\"><span style=\"font-size: 10pt;\">*Dessa uttalanden har inte utv\u00e4rderats av Food and Drug Administration. Denna produkt \u00e4r inte avsedd att diagnostisera, behandla, bota eller f\u00f6rebygga n\u00e5gon sjukdom.\u00a0<\/span><\/p>","protected":false},"excerpt":{"rendered":"<p>K2 &amp; D3 Complete Supports healthy blood circulation Promotes optimal bone health Promotes proper calcium storage Maintains healthy cardiometabolic function Supports arterial elasticity Boosts immune function Supports healthy calcium balance Supports blood sugar balance Current research has found high-concentration supplementation of K2, at 180 mcg\/day, results in improved clinical results compared to lower-dose supplementation*. K2 [&hellip;]<\/p>\n","protected":false},"featured_media":9632,"template":"","meta":{"_analytify_skip_tracking":false},"product_brand":[],"product_cat":[515],"product_tag":[521,1414,1412,1413],"woo-feed-brand":[],"class_list":{"0":"post-9113","1":"product","2":"type-product","3":"status-publish","4":"has-post-thumbnail","6":"product_cat-supplements","7":"product_tag-astr-supplement","8":"product_tag-immune-support","9":"product_tag-vitamin-d3","10":"product_tag-vitamin-k2","11":"product_shipping_class-regular-shipping","13":"first","14":"instock","15":"sale","16":"taxable","17":"shipping-taxable","18":"purchasable","19":"product-type-variable-subscription"},"exclude_global_add_ons":[],"addons":[],"_links":{"self":[{"href":"https:\/\/advancedsofttissuerelease.com\/sv\/wp-json\/wp\/v2\/product\/9113","targetHints":{"allow":["GET"]}}],"collection":[{"href":"https:\/\/advancedsofttissuerelease.com\/sv\/wp-json\/wp\/v2\/product"}],"about":[{"href":"https:\/\/advancedsofttissuerelease.com\/sv\/wp-json\/wp\/v2\/types\/product"}],"version-history":[{"count":0,"href":"https:\/\/advancedsofttissuerelease.com\/sv\/wp-json\/wp\/v2\/product\/9113\/revisions"}],"wp:featuredmedia":[{"embeddable":true,"href":"https:\/\/advancedsofttissuerelease.com\/sv\/wp-json\/wp\/v2\/media\/9632"}],"wp:attachment":[{"href":"https:\/\/advancedsofttissuerelease.com\/sv\/wp-json\/wp\/v2\/media?parent=9113"}],"wp:term":[{"taxonomy":"product_brand","embeddable":true,"href":"https:\/\/advancedsofttissuerelease.com\/sv\/wp-json\/wp\/v2\/product_brand?post=9113"},{"taxonomy":"product_cat","embeddable":true,"href":"https:\/\/advancedsofttissuerelease.com\/sv\/wp-json\/wp\/v2\/product_cat?post=9113"},{"taxonomy":"product_tag","embeddable":true,"href":"https:\/\/advancedsofttissuerelease.com\/sv\/wp-json\/wp\/v2\/product_tag?post=9113"},{"taxonomy":"woo-feed-brand","embeddable":true,"href":"https:\/\/advancedsofttissuerelease.com\/sv\/wp-json\/wp\/v2\/woo-feed-brand?post=9113"}],"curies":[{"name":"wp","href":"https:\/\/api.w.org\/{rel}","templated":true}]}}